{"id":4965,"date":"2023-02-09T14:19:49","date_gmt":"2023-02-09T14:19:49","guid":{"rendered":"https:\/\/optimalsolicitors.kinsta.cloud\/?page_id=4965"},"modified":"2024-07-12T14:06:30","modified_gmt":"2024-07-12T13:06:30","slug":"reclamatii-pentru-accidente-de-bicicleta","status":"publish","type":"page","link":"https:\/\/optimalsolicitors.com\/ro\/vatamare-corporala\/reclamatii-pentru-accidente-de-bicicleta\/","title":{"rendered":"Reclama\u021bii pentru accidente de biciclet\u0103"},"content":{"rendered":"","protected":false},"excerpt":{"rendered":"","protected":false},"author":2,"featured_media":0,"parent":2645,"menu_order":0,"comment_status":"closed","ping_status":"closed","template":"views\/subservice.blade.php","meta":{"footnotes":""},"class_list":["post-4965","page","type-page","status-publish","hentry"],"yoast_head":"<!-- This site is optimized with the Yoast SEO Premium plugin v27.3 (Yoast SEO v27.3) - https:\/\/yoast.com\/product\/yoast-seo-premium-wordpress\/ -->\n<title>Reclama\u021bii pentru accidente de biciclet\u0103 - Optimal Solicitors<\/title>\n<meta name=\"robots\" content=\"index, follow, max-snippet:-1, max-image-preview:large, max-video-preview:-1\" \/>\n<link rel=\"canonical\" href=\"https:\/\/optimalsolicitors.com\/ro\/vatamare-corporala\/reclamatii-pentru-accidente-de-bicicleta\/\" \/>\n<meta property=\"og:locale\" content=\"ro_RO\" \/>\n<meta property=\"og:type\" content=\"article\" \/>\n<meta property=\"og:title\" content=\"Reclama\u021bii pentru accidente de biciclet\u0103\" \/>\n<meta property=\"og:url\" content=\"https:\/\/optimalsolicitors.com\/ro\/vatamare-corporala\/reclamatii-pentru-accidente-de-bicicleta\/\" \/>\n<meta property=\"og:site_name\" content=\"Optimal Solicitors\" \/>\n<meta property=\"article:publisher\" content=\"https:\/\/www.facebook.com\/optimalsolicitors\/\" \/>\n<meta property=\"article:modified_time\" content=\"2024-07-12T13:06:30+00:00\" \/>\n<meta property=\"og:image\" content=\"https:\/\/optimalsolicitors.com\/wp-content\/uploads\/2023\/10\/Optimal_Banners_bicycle-accident-claims.jpg\" \/>\n\t<meta property=\"og:image:width\" content=\"1920\" \/>\n\t<meta property=\"og:image:height\" content=\"1080\" \/>\n\t<meta property=\"og:image:type\" content=\"image\/jpeg\" \/>\n<meta name=\"twitter:card\" content=\"summary_large_image\" \/>\n<meta name=\"twitter:site\" content=\"@OptimalClaim\" \/>\n<meta name=\"twitter:label1\" content=\"Est. reading time\" \/>\n\t<meta name=\"twitter:data1\" content=\"5 minutes\" \/>\n<script type=\"application\/ld+json\" class=\"yoast-schema-graph\">{\"@context\":\"https:\\\/\\\/schema.org\",\"@graph\":[{\"@type\":\"WebPage\",\"@id\":\"https:\\\/\\\/optimalsolicitors.com\\\/ro\\\/vatamare-corporala\\\/reclamatii-pentru-accidente-de-bicicleta\\\/\",\"url\":\"https:\\\/\\\/optimalsolicitors.com\\\/ro\\\/vatamare-corporala\\\/reclamatii-pentru-accidente-de-bicicleta\\\/\",\"name\":\"Reclama\u021bii pentru accidente de biciclet\u0103 - Optimal Solicitors\",\"isPartOf\":{\"@id\":\"https:\\\/\\\/optimalsolicitors.com\\\/ro\\\/#website\"},\"datePublished\":\"2023-02-09T14:19:49+00:00\",\"dateModified\":\"2024-07-12T13:06:30+00:00\",\"breadcrumb\":{\"@id\":\"https:\\\/\\\/optimalsolicitors.com\\\/ro\\\/vatamare-corporala\\\/reclamatii-pentru-accidente-de-bicicleta\\\/#breadcrumb\"},\"inLanguage\":\"ro-GB\",\"potentialAction\":[{\"@type\":\"ReadAction\",\"target\":[\"https:\\\/\\\/optimalsolicitors.com\\\/ro\\\/vatamare-corporala\\\/reclamatii-pentru-accidente-de-bicicleta\\\/\"]}]},{\"@type\":\"BreadcrumbList\",\"@id\":\"https:\\\/\\\/optimalsolicitors.com\\\/ro\\\/vatamare-corporala\\\/reclamatii-pentru-accidente-de-bicicleta\\\/#breadcrumb\",\"itemListElement\":[{\"@type\":\"ListItem\",\"position\":1,\"name\":\"Home\",\"item\":\"https:\\\/\\\/optimalsolicitors.com\\\/ro\\\/\"},{\"@type\":\"ListItem\",\"position\":2,\"name\":\"V\u0103t\u0103mare corporal\u0103\",\"item\":\"https:\\\/\\\/optimalsolicitors.com\\\/ro\\\/vatamare-corporala\\\/\"},{\"@type\":\"ListItem\",\"position\":3,\"name\":\"Reclama\u021bii pentru accidente de biciclet\u0103\"}]},{\"@type\":\"WebSite\",\"@id\":\"https:\\\/\\\/optimalsolicitors.com\\\/ro\\\/#website\",\"url\":\"https:\\\/\\\/optimalsolicitors.com\\\/ro\\\/\",\"name\":\"Optimal Solicitors\",\"description\":\"Speaking the language of law\",\"publisher\":{\"@id\":\"https:\\\/\\\/optimalsolicitors.com\\\/ro\\\/#organization\"},\"potentialAction\":[{\"@type\":\"SearchAction\",\"target\":{\"@type\":\"EntryPoint\",\"urlTemplate\":\"https:\\\/\\\/optimalsolicitors.com\\\/ro\\\/?s={search_term_string}\"},\"query-input\":{\"@type\":\"PropertyValueSpecification\",\"valueRequired\":true,\"valueName\":\"search_term_string\"}}],\"inLanguage\":\"ro-GB\"},{\"@type\":\"Organization\",\"@id\":\"https:\\\/\\\/optimalsolicitors.com\\\/ro\\\/#organization\",\"name\":\"Optimal Solicitors\",\"url\":\"https:\\\/\\\/optimalsolicitors.com\\\/ro\\\/\",\"logo\":{\"@type\":\"ImageObject\",\"inLanguage\":\"ro-GB\",\"@id\":\"https:\\\/\\\/optimalsolicitors.com\\\/ro\\\/#\\\/schema\\\/logo\\\/image\\\/\",\"url\":\"https:\\\/\\\/optimalsolicitors.com\\\/wp-content\\\/uploads\\\/2023\\\/04\\\/logo.svg\",\"contentUrl\":\"https:\\\/\\\/optimalsolicitors.com\\\/wp-content\\\/uploads\\\/2023\\\/04\\\/logo.svg\",\"width\":158,\"height\":80,\"caption\":\"Optimal Solicitors\"},\"image\":{\"@id\":\"https:\\\/\\\/optimalsolicitors.com\\\/ro\\\/#\\\/schema\\\/logo\\\/image\\\/\"},\"sameAs\":[\"https:\\\/\\\/www.facebook.com\\\/optimalsolicitors\\\/\",\"https:\\\/\\\/x.com\\\/OptimalClaim\"]}]}<\/script>\n<!-- \/ Yoast SEO Premium plugin. -->","yoast_head_json":{"title":"Reclama\u021bii pentru accidente de biciclet\u0103 - Optimal Solicitors","robots":{"index":"index","follow":"follow","max-snippet":"max-snippet:-1","max-image-preview":"max-image-preview:large","max-video-preview":"max-video-preview:-1"},"canonical":"https:\/\/optimalsolicitors.com\/ro\/vatamare-corporala\/reclamatii-pentru-accidente-de-bicicleta\/","og_locale":"ro_RO","og_type":"article","og_title":"Reclama\u021bii pentru accidente de biciclet\u0103","og_url":"https:\/\/optimalsolicitors.com\/ro\/vatamare-corporala\/reclamatii-pentru-accidente-de-bicicleta\/","og_site_name":"Optimal Solicitors","article_publisher":"https:\/\/www.facebook.com\/optimalsolicitors\/","article_modified_time":"2024-07-12T13:06:30+00:00","og_image":[{"width":1920,"height":1080,"url":"https:\/\/optimalsolicitors.com\/wp-content\/uploads\/2023\/10\/Optimal_Banners_bicycle-accident-claims.jpg","type":"image\/jpeg"}],"twitter_card":"summary_large_image","twitter_site":"@OptimalClaim","twitter_misc":{"Est. reading time":"5 minutes"},"schema":{"@context":"https:\/\/schema.org","@graph":[{"@type":"WebPage","@id":"https:\/\/optimalsolicitors.com\/ro\/vatamare-corporala\/reclamatii-pentru-accidente-de-bicicleta\/","url":"https:\/\/optimalsolicitors.com\/ro\/vatamare-corporala\/reclamatii-pentru-accidente-de-bicicleta\/","name":"Reclama\u021bii pentru accidente de biciclet\u0103 - Optimal Solicitors","isPartOf":{"@id":"https:\/\/optimalsolicitors.com\/ro\/#website"},"datePublished":"2023-02-09T14:19:49+00:00","dateModified":"2024-07-12T13:06:30+00:00","breadcrumb":{"@id":"https:\/\/optimalsolicitors.com\/ro\/vatamare-corporala\/reclamatii-pentru-accidente-de-bicicleta\/#breadcrumb"},"inLanguage":"ro-GB","potentialAction":[{"@type":"ReadAction","target":["https:\/\/optimalsolicitors.com\/ro\/vatamare-corporala\/reclamatii-pentru-accidente-de-bicicleta\/"]}]},{"@type":"BreadcrumbList","@id":"https:\/\/optimalsolicitors.com\/ro\/vatamare-corporala\/reclamatii-pentru-accidente-de-bicicleta\/#breadcrumb","itemListElement":[{"@type":"ListItem","position":1,"name":"Home","item":"https:\/\/optimalsolicitors.com\/ro\/"},{"@type":"ListItem","position":2,"name":"V\u0103t\u0103mare corporal\u0103","item":"https:\/\/optimalsolicitors.com\/ro\/vatamare-corporala\/"},{"@type":"ListItem","position":3,"name":"Reclama\u021bii pentru accidente de biciclet\u0103"}]},{"@type":"WebSite","@id":"https:\/\/optimalsolicitors.com\/ro\/#website","url":"https:\/\/optimalsolicitors.com\/ro\/","name":"Optimal Solicitors","description":"Speaking the language of law","publisher":{"@id":"https:\/\/optimalsolicitors.com\/ro\/#organization"},"potentialAction":[{"@type":"SearchAction","target":{"@type":"EntryPoint","urlTemplate":"https:\/\/optimalsolicitors.com\/ro\/?s={search_term_string}"},"query-input":{"@type":"PropertyValueSpecification","valueRequired":true,"valueName":"search_term_string"}}],"inLanguage":"ro-GB"},{"@type":"Organization","@id":"https:\/\/optimalsolicitors.com\/ro\/#organization","name":"Optimal Solicitors","url":"https:\/\/optimalsolicitors.com\/ro\/","logo":{"@type":"ImageObject","inLanguage":"ro-GB","@id":"https:\/\/optimalsolicitors.com\/ro\/#\/schema\/logo\/image\/","url":"https:\/\/optimalsolicitors.com\/wp-content\/uploads\/2023\/04\/logo.svg","contentUrl":"https:\/\/optimalsolicitors.com\/wp-content\/uploads\/2023\/04\/logo.svg","width":158,"height":80,"caption":"Optimal Solicitors"},"image":{"@id":"https:\/\/optimalsolicitors.com\/ro\/#\/schema\/logo\/image\/"},"sameAs":["https:\/\/www.facebook.com\/optimalsolicitors\/","https:\/\/x.com\/OptimalClaim"]}]}},"acf":[],"_links":{"self":[{"href":"https:\/\/optimalsolicitors.com\/ro\/wp-json\/wp\/v2\/pages\/4965","targetHints":{"allow":["GET"]}}],"collection":[{"href":"https:\/\/optimalsolicitors.com\/ro\/wp-json\/wp\/v2\/pages"}],"about":[{"href":"https:\/\/optimalsolicitors.com\/ro\/wp-json\/wp\/v2\/types\/page"}],"author":[{"embeddable":true,"href":"https:\/\/optimalsolicitors.com\/ro\/wp-json\/wp\/v2\/users\/2"}],"replies":[{"embeddable":true,"href":"https:\/\/optimalsolicitors.com\/ro\/wp-json\/wp\/v2\/comments?post=4965"}],"version-history":[{"count":10,"href":"https:\/\/optimalsolicitors.com\/ro\/wp-json\/wp\/v2\/pages\/4965\/revisions"}],"predecessor-version":[{"id":7733,"href":"https:\/\/optimalsolicitors.com\/ro\/wp-json\/wp\/v2\/pages\/4965\/revisions\/7733"}],"up":[{"embeddable":true,"href":"https:\/\/optimalsolicitors.com\/ro\/wp-json\/wp\/v2\/pages\/2645"}],"wp:attachment":[{"href":"https:\/\/optimalsolicitors.com\/ro\/wp-json\/wp\/v2\/media?parent=4965"}],"curies":[{"name":"wp","href":"https:\/\/api.w.org\/{rel}","templated":true}]}}