{"id":2661,"date":"2021-06-28T17:21:30","date_gmt":"2021-06-28T16:21:30","guid":{"rendered":"http:\/\/optimalsolicitors.kinsta.cloud\/pricing\/"},"modified":"2024-11-05T15:58:38","modified_gmt":"2024-11-05T15:58:38","slug":"preturi","status":"publish","type":"page","link":"https:\/\/optimalsolicitors.com\/ro\/preturi\/","title":{"rendered":"Pre\u021buri"},"content":{"rendered":"<p style=\"text-align: justify;\"><strong>La Optimal Solicitors \u00een\u021belegem c\u0103 baza noastr\u0103 divers\u0103 de clien\u021bi necesit\u0103 consultan\u021b\u0103 rapid\u0103, pragmatic\u0103 \u0219i bazat\u0103 pe solu\u021bii, la un pre\u021b competitiv, pentru a -i ajuta \u00een problemele lor juridice.<\/strong><\/p>\n<p style=\"text-align: justify;\">Apreciem c\u0103 acest lucru poate fi descurajator pentru orice client atunci c\u00e2nd lu\u0103m \u00een considerare costurile de instruire a avoca\u021bilor. Prioritatea noastra este oferirea unui serviciu profesional de calitate \u0219i experien\u021b\u0103 de \u00eengrijire a clien\u021bilor pentru clien\u021bii no\u0219tri.<\/p>\n<p style=\"text-align: justify;\">Acesta este motivul pentru care credem c\u0103 suntem pe deplin transparen\u021bi \u00eenc\u0103 de la \u00eenceput \u00een ceea ce prive\u0219te onorariile noastre, astfel \u00eenc\u00e2t clientul nostru s\u0103 poat\u0103 selecta serviciile care i se potrivesc \u2013 F\u0103r\u0103 c\u00e2\u0219tig Nu se aplic\u0103 taxe, taxe fixe sau tarife pe or\u0103, \u00een func\u021bie de natura muncii cu care ne instrui\u021bi.<\/p>\n<p style=\"text-align: justify;\">Prin urmare, avem disponibile o serie de aranjamente de pre\u021buri \u0219i finan\u021bare, astfel \u00eenc\u00e2t s\u0103 pute\u021bi intelege \u00eentotdeauna care sunt onorariile noastre profesionale. Acest lucru va depinde de tipul de caz juridic pe care \u00eel gestion\u0103m pentru dvs., cu toate acestea, responsabilul dvs. de caz v\u0103 va putea sf\u0103tui cu privire la op\u021biunile dvs. \u0219i v\u0103 va explica ce este implicat la fiecare pas.<\/p>\n<p style=\"text-align: justify;\">Detalii privind pre\u021burile pentru diferitele servicii sunt furnizate mai jos sau pe urm\u0103toarele link-uri sau pagini. V\u0103 rug\u0103m s\u0103 re\u021bine\u021bi c\u0103 acesta este \u00een esen\u021b\u0103 un ghid cu privire la costurile pe care le pute\u021bi suporta atunci c\u00e2nd ne instrui\u021bi, cu toate acestea, putem s\u0103 v\u0103 explic\u0103m acest lucru mai detaliat atunci c\u00e2nd discuta\u021bi cu unul dintre exper\u021bii no\u0219tri despre circumstan\u021bele dumneavoastr\u0103 individuale.<\/p>\n<p>&nbsp;<\/p>\n<p><strong>ANGAJARE<\/strong><\/p>\n<p style=\"text-align: justify;\">Echipa noastr\u0103 \u0219i-a construit o pozi\u021bie dinamic\u0103 ac\u021bion\u00e2nd pentru o gam\u0103 larg\u0103 de clien\u021bi diver\u0219i din toate mediile, sprijinindu-i \u0219i reprezent\u00e2ndu-i \u00eentr-o varietate de dispute de munc\u0103.<\/p>\n<p style=\"text-align: justify;\">Apreciem c\u00e2t de dedica\u021bi sunt oamenii cu angajarea lor \u0219i dorim s\u0103 fim acolo atunci c\u00e2nd angaja\u021bii simt c\u0103 drepturile lor pot fi afectate. Echipa noastr\u0103 are o experien\u021b\u0103 de \u00eencredere \u0219i dovedit\u0103 \u00een modul \u00een care ne sprijinim clien\u021bii oferind consiliere rapid\u0103, pragmatic\u0103 \u0219i eficient\u0103 \u00een domeniul dreptului muncii.<\/p>\n<p style=\"text-align: justify;\">Dac\u0103 ave\u021bi probleme personale de angajare, v\u0103 putem oferi expertiza noastr\u0103 \u00een urm\u0103toarele domenii cheie \u0219i v\u0103 putem sprijini la fiecare pas:<\/p>\n<ul>\n<li>Concediere abuziv\u0103\/nedrept\u0103<\/li>\n<li>Redundan\u0163\u0103<\/li>\n<li>Acorduri de reglementare (compromis).<\/li>\n<li>Discriminare<\/li>\n<li>Revendic\u0103rile Tribunalului pentru Munc\u0103<\/li>\n<li>Drepturile de paternitate\/maternitate<\/li>\n<li>Drepturile de Angajare<\/li>\n<\/ul>\n<p>&nbsp;<\/p>\n<p style=\"text-align: justify;\"><strong>Taxe de angajare \u0219i finan\u021barea cazului dvs<\/strong><\/p>\n<p style=\"text-align: justify;\">V\u0103 putem sf\u0103tui cu privire la diferitele metode de finan\u021bare disponibile pentru a v\u0103 gestiona cazul \u0219i acest lucru va depinde de circumstan\u021bele cazului dumneavoastr\u0103.<\/p>\n<p style=\"text-align: justify;\">De exemplu, majoritatea cazurilor de concediere abuziv\u0103, pentru un client individual, vor fi finan\u021bate prin intermediul unui acord bazat pe daune (\u201eDBA\u201d) sau, uneori, prin asigurare de cheltuieli juridice, \u00een cazul \u00een care poli\u021ba dvs. de asigurare a locuin\u021bei acoper\u0103 astfel de costuri.<\/p>\n<p style=\"text-align: justify;\">V\u0103 vom ghida \u00eentotdeauna prin aceasta atunci c\u00e2nd decide\u021bi prima dat\u0103 s\u0103 ne instrui\u021bi \u0219i care este procentul nostru din taxa de succes pentru orice daune care vi se acord\u0103. Dac\u0103 aceasta nu este disponibil\u0103, este posibil s\u0103 v\u0103 putem consilia \u0219i reprezenta \u00een cadrul unui acord de finan\u021bare cu plat\u0103 privat\u0103.<\/p>\n<p style=\"text-align: justify;\">Oferim, de asemenea, un aranjament cu tax\u0103 fix\u0103 pentru a ne consilia clien\u021bii printr-o consultare de o or\u0103 pentru a oferi consiliere cu privire la aspectele unei chestiuni de angajare \u0219i cum putem noi sau dvs. s\u0103 progres\u0103m &#8211; acesta este un cost de 150 GBP plus TVA.<\/p>\n<p>&nbsp;<\/p>\n<p><strong>Taxe suplimentare \u2013 pl\u0103\u021bi <\/strong><\/p>\n<p style=\"text-align: justify;\">Acestea sunt costuri legate de cazul dumneavoastr\u0103 pe care le pl\u0103tim \u00een numele dumneavoastr\u0103 c\u0103tre ter\u021bi \u2013 \u00een cazurile de angajare, acestea sunt de obicei onorariile avocatului sau avoca\u021bilor tribunalului. Nu suport\u0103m acest cost f\u0103r\u0103 permisiunea dumneavoastr\u0103, deoarece sunte\u021bi responsabil pentru aceste costuri.<\/p>\n<p style=\"text-align: justify;\">Ar trebui s\u0103 subliniem c\u0103 acest lucru se \u00eent\u00e2mpl\u0103 rar, dar c\u00e2nd se \u00eent\u00e2mpl\u0103, acest lucru va fi discutat \u00een prealabil cu dvs. Taxele pot varia de la 250,00 GBP p\u00e2n\u0103 la 750 GBP, \u00een func\u021bie de complexitatea cererii dvs.<\/p>\n<p>&nbsp;<\/p>\n<p><strong>C\u00e2t va dura cazul meu? <\/strong><\/p>\n<p style=\"text-align: justify;\">Timpul necesar de la primirea instruc\u021biunilor ini\u021biale p\u00e2n\u0103 la solu\u021bionarea final\u0103 a problemei depinde de stadiul \u00een care cazul dumneavoastr\u0103 poate fi rezolvat. Dac\u0103 se ajunge la o solu\u021bionare \u00een timpul concilierii pre-cererea, cazul dumneavoastr\u0103 va dura probabil 1-4 s\u0103pt\u0103m\u00e2ni. De exemplu, un caz de concediere abuziv\u0103, care progreseaz\u0103 dincolo de etapele premerg\u0103toare cererii, poate dura 4-12 s\u0103pt\u0103m\u00e2ni pentru a se solu\u021biona prin procesul ACAS de conciliere timpurie. Dac\u0103 cererea dvs. nu se solu\u021bioneaz\u0103 \u0219i trece la o Audiere Final\u0103, aceasta poate dura 6-12 luni, aceasta va depinde \u00eentotdeauna de viteza cu care Tribunalul pentru Ocuparea Muncii v\u0103 gestioneaz\u0103 cazul. Aceasta este doar o estimare \u0219i, desigur, v\u0103 vom putea oferi un interval de timp mai precis, odat\u0103 ce vom avea mai multe informa\u021bii pe m\u0103sur\u0103 ce problema progreseaz\u0103.<\/p>\n<p>&nbsp;<\/p>\n<p><strong>Etapele cheie ale cazului dvs<\/strong><\/p>\n<p style=\"text-align: justify;\">Taxele stabilite mai sus acoper\u0103 toate lucr\u0103rile necesare pentru etapele cheie ale cererii dvs.:<\/p>\n<ul>\n<li style=\"text-align: justify;\">Preluarea instruc\u021biunilor, revizuirea documentelor \u0219i consilierea cu privire la merite \u0219i compensarea probabil\u0103 (aceasta este revizuit\u0103 \u00een mod constant pe m\u0103sur\u0103 ce cazul dumneavoastr\u0103 evolueaz\u0103)<\/li>\n<li style=\"text-align: justify;\">\u00cencheierea ACAS Early Conciliation pentru a explora dac\u0103 se poate ajunge la o \u00een\u021belegere<\/li>\n<li style=\"text-align: justify;\">Preg\u0103tirea cererii sau r\u0103spunsului dvs. de la angajator<\/li>\n<li style=\"text-align: justify;\">Examinarea \u0219i consilierea cu privire la reclama\u021bia sau r\u0103spunsul celeilalte p\u0103r\u021bi<\/li>\n<li style=\"text-align: justify;\">Lu\u00e2nd \u00een considerare solu\u021bionarea \u0219i negocierea acestui lucru pe tot parcursul procesului<\/li>\n<li style=\"text-align: justify;\">Preg\u0103tirea sau luarea \u00een considerare a unui program de pierdere<\/li>\n<li style=\"text-align: justify;\">Preg\u0103tirea \u0219i participarea la o audiere preliminar\u0103<\/li>\n<li style=\"text-align: justify;\">Schimbul de documente cu cealalt\u0103 parte \u0219i acordul acestora pentru pachetele de audiere<\/li>\n<li style=\"text-align: justify;\">Preluarea \u0219i redactarea declara\u021biilor martorilor<\/li>\n<li style=\"text-align: justify;\">Intocmirea pachetului de documente<\/li>\n<li style=\"text-align: justify;\">Revizuirea \u0219i consilierea cu privire la declara\u021biile martorilor celeilalte p\u0103r\u021bi<\/li>\n<li style=\"text-align: justify;\">Acordarea listei problemelor, cronologiei, listei de cazuri \u0219i inclusiv orice documente suplimentare<\/li>\n<li style=\"text-align: justify;\">Preg\u0103tirea \u0219i\/sau instruc\u021biunile pentru \u0219edin\u021ba de judecat\u0103<\/li>\n<\/ul>\n<p>&nbsp;<\/p>\n<p style=\"text-align: justify;\">Nu toate aceste etape de mai sus se vor aplica neap\u0103rat cererii dumneavoastr\u0103, iar costurile dumneavoastr\u0103 juridice vor fi reduse dac\u0103 anumi\u021bi pa\u0219i nu mai sunt necesari.<\/p>\n<p style=\"text-align: justify;\">O alt\u0103 op\u021biune este c\u0103 a\u021bi putea dori s\u0103 v\u0103 ocupa\u021bi singuri de cazul \u0219i s\u0103 solicita\u021bi doar asisten\u021ba noastr\u0103 pentru a v\u0103 ajuta cu anumite p\u0103r\u021bi ale acestor etape de mai sus.<\/p>\n<p style=\"text-align: justify;\"><strong>Echip\u0103<\/strong><\/p>\n<p style=\"text-align: justify;\">Cazul dumneavoastr\u0103 va fi gestionat de avocatul nostru supervizor care conduce departamentul nostru de angajare. \u00cen plus, ne vom asigura c\u0103 tranzac\u021bia dumneavoastr\u0103 este tratat\u0103 de un membru al echipei calificat corespunz\u0103tor. Unele sarcini zilnice \u0219i sarcini administrative vor fi \u00eendeplinite de asisten\u021bi de departament cu experien\u021b\u0103, cum ar fi parajuri\u0219ti, \u0219i v\u0103 pot ajuta \u00een problema dvs., dar vor fi \u00eentotdeauna supraveghea\u021bi \u00een orice moment de membri califica\u021bi ai echipei.<\/p>\n","protected":false},"excerpt":{"rendered":"<p>La Optimal Solicitors \u00een\u021belegem c\u0103 baza noastr\u0103 divers\u0103 de clien\u021bi necesit\u0103 consultan\u021b\u0103 rapid\u0103, pragmatic\u0103 \u0219i bazat\u0103 pe solu\u021bii, la un pre\u021b competitiv, pentru a -i ajuta \u00een problemele lor juridice. Apreciem c\u0103 acest lucru poate fi descurajator pentru orice client atunci c\u00e2nd lu\u0103m \u00een considerare costurile de instruire a avoca\u021bilor. Prioritatea noastra este oferirea unui<\/p>\n<div class=\"read-more\"><a class=\"btn btn-md btn-gold-outline clear\" href=\"https:\/\/optimalsolicitors.com\/ro\/preturi\/\">Read More<\/a><\/div>\n","protected":false},"author":12,"featured_media":0,"parent":0,"menu_order":0,"comment_status":"closed","ping_status":"closed","template":"","meta":{"footnotes":""},"class_list":["post-2661","page","type-page","status-publish","hentry"],"yoast_head":"<!-- This site is optimized with the Yoast SEO Premium plugin v27.4 (Yoast SEO v27.4) - https:\/\/yoast.com\/product\/yoast-seo-premium-wordpress\/ -->\n<title>Pre\u021buri - Optimal Solicitors<\/title>\n<meta name=\"robots\" content=\"index, follow, max-snippet:-1, max-image-preview:large, max-video-preview:-1\" \/>\n<link rel=\"canonical\" href=\"https:\/\/optimalsolicitors.com\/ro\/preturi\/\" \/>\n<meta property=\"og:locale\" content=\"ro_RO\" \/>\n<meta property=\"og:type\" content=\"article\" \/>\n<meta property=\"og:title\" content=\"Pre\u021buri\" \/>\n<meta property=\"og:description\" content=\"La Optimal Solicitors \u00een\u021belegem c\u0103 baza noastr\u0103 divers\u0103 de clien\u021bi necesit\u0103 consultan\u021b\u0103 rapid\u0103, pragmatic\u0103 \u0219i bazat\u0103 pe solu\u021bii, la un pre\u021b competitiv, pentru a -i ajuta \u00een problemele lor juridice. Apreciem c\u0103 acest lucru poate fi descurajator pentru orice client atunci c\u00e2nd lu\u0103m \u00een considerare costurile de instruire a avoca\u021bilor. Prioritatea noastra este oferirea unuiRead More\" \/>\n<meta property=\"og:url\" content=\"https:\/\/optimalsolicitors.com\/ro\/preturi\/\" \/>\n<meta property=\"og:site_name\" content=\"Optimal Solicitors\" \/>\n<meta property=\"article:publisher\" content=\"https:\/\/www.facebook.com\/optimalsolicitors\/\" \/>\n<meta property=\"article:modified_time\" content=\"2024-11-05T15:58:38+00:00\" \/>\n<meta property=\"og:image\" content=\"https:\/\/optimalsolicitors.com\/wp-content\/uploads\/2023\/10\/remortgage.jpg\" \/>\n\t<meta property=\"og:image:width\" content=\"1920\" \/>\n\t<meta property=\"og:image:height\" content=\"1080\" \/>\n\t<meta property=\"og:image:type\" content=\"image\/jpeg\" \/>\n<meta name=\"twitter:card\" content=\"summary_large_image\" \/>\n<meta name=\"twitter:site\" content=\"@OptimalClaim\" \/>\n<meta name=\"twitter:label1\" content=\"Est. reading time\" \/>\n\t<meta name=\"twitter:data1\" content=\"6 minutes\" \/>\n<script type=\"application\/ld+json\" class=\"yoast-schema-graph\">{\"@context\":\"https:\\\/\\\/schema.org\",\"@graph\":[{\"@type\":\"WebPage\",\"@id\":\"https:\\\/\\\/optimalsolicitors.com\\\/ro\\\/preturi\\\/\",\"url\":\"https:\\\/\\\/optimalsolicitors.com\\\/ro\\\/preturi\\\/\",\"name\":\"Pre\u021buri - Optimal Solicitors\",\"isPartOf\":{\"@id\":\"https:\\\/\\\/optimalsolicitors.com\\\/ro\\\/#website\"},\"datePublished\":\"2021-06-28T16:21:30+00:00\",\"dateModified\":\"2024-11-05T15:58:38+00:00\",\"breadcrumb\":{\"@id\":\"https:\\\/\\\/optimalsolicitors.com\\\/ro\\\/preturi\\\/#breadcrumb\"},\"inLanguage\":\"ro-GB\",\"potentialAction\":[{\"@type\":\"ReadAction\",\"target\":[\"https:\\\/\\\/optimalsolicitors.com\\\/ro\\\/preturi\\\/\"]}]},{\"@type\":\"BreadcrumbList\",\"@id\":\"https:\\\/\\\/optimalsolicitors.com\\\/ro\\\/preturi\\\/#breadcrumb\",\"itemListElement\":[{\"@type\":\"ListItem\",\"position\":1,\"name\":\"Home\",\"item\":\"https:\\\/\\\/optimalsolicitors.com\\\/ro\\\/\"},{\"@type\":\"ListItem\",\"position\":2,\"name\":\"Pre\u021buri\"}]},{\"@type\":\"WebSite\",\"@id\":\"https:\\\/\\\/optimalsolicitors.com\\\/ro\\\/#website\",\"url\":\"https:\\\/\\\/optimalsolicitors.com\\\/ro\\\/\",\"name\":\"Optimal Solicitors\",\"description\":\"Speaking the language of law\",\"publisher\":{\"@id\":\"https:\\\/\\\/optimalsolicitors.com\\\/ro\\\/#organization\"},\"potentialAction\":[{\"@type\":\"SearchAction\",\"target\":{\"@type\":\"EntryPoint\",\"urlTemplate\":\"https:\\\/\\\/optimalsolicitors.com\\\/ro\\\/?s={search_term_string}\"},\"query-input\":{\"@type\":\"PropertyValueSpecification\",\"valueRequired\":true,\"valueName\":\"search_term_string\"}}],\"inLanguage\":\"ro-GB\"},{\"@type\":\"Organization\",\"@id\":\"https:\\\/\\\/optimalsolicitors.com\\\/ro\\\/#organization\",\"name\":\"Optimal Solicitors\",\"url\":\"https:\\\/\\\/optimalsolicitors.com\\\/ro\\\/\",\"logo\":{\"@type\":\"ImageObject\",\"inLanguage\":\"ro-GB\",\"@id\":\"https:\\\/\\\/optimalsolicitors.com\\\/ro\\\/#\\\/schema\\\/logo\\\/image\\\/\",\"url\":\"https:\\\/\\\/optimalsolicitors.com\\\/wp-content\\\/uploads\\\/2023\\\/04\\\/logo.svg\",\"contentUrl\":\"https:\\\/\\\/optimalsolicitors.com\\\/wp-content\\\/uploads\\\/2023\\\/04\\\/logo.svg\",\"width\":158,\"height\":80,\"caption\":\"Optimal Solicitors\"},\"image\":{\"@id\":\"https:\\\/\\\/optimalsolicitors.com\\\/ro\\\/#\\\/schema\\\/logo\\\/image\\\/\"},\"sameAs\":[\"https:\\\/\\\/www.facebook.com\\\/optimalsolicitors\\\/\",\"https:\\\/\\\/x.com\\\/OptimalClaim\"]}]}<\/script>\n<!-- \/ Yoast SEO Premium plugin. -->","yoast_head_json":{"title":"Pre\u021buri - Optimal Solicitors","robots":{"index":"index","follow":"follow","max-snippet":"max-snippet:-1","max-image-preview":"max-image-preview:large","max-video-preview":"max-video-preview:-1"},"canonical":"https:\/\/optimalsolicitors.com\/ro\/preturi\/","og_locale":"ro_RO","og_type":"article","og_title":"Pre\u021buri","og_description":"La Optimal Solicitors \u00een\u021belegem c\u0103 baza noastr\u0103 divers\u0103 de clien\u021bi necesit\u0103 consultan\u021b\u0103 rapid\u0103, pragmatic\u0103 \u0219i bazat\u0103 pe solu\u021bii, la un pre\u021b competitiv, pentru a -i ajuta \u00een problemele lor juridice. Apreciem c\u0103 acest lucru poate fi descurajator pentru orice client atunci c\u00e2nd lu\u0103m \u00een considerare costurile de instruire a avoca\u021bilor. Prioritatea noastra este oferirea unuiRead More","og_url":"https:\/\/optimalsolicitors.com\/ro\/preturi\/","og_site_name":"Optimal Solicitors","article_publisher":"https:\/\/www.facebook.com\/optimalsolicitors\/","article_modified_time":"2024-11-05T15:58:38+00:00","og_image":[{"width":1920,"height":1080,"url":"https:\/\/optimalsolicitors.com\/wp-content\/uploads\/2023\/10\/remortgage.jpg","type":"image\/jpeg"}],"twitter_card":"summary_large_image","twitter_site":"@OptimalClaim","twitter_misc":{"Est. reading time":"6 minutes"},"schema":{"@context":"https:\/\/schema.org","@graph":[{"@type":"WebPage","@id":"https:\/\/optimalsolicitors.com\/ro\/preturi\/","url":"https:\/\/optimalsolicitors.com\/ro\/preturi\/","name":"Pre\u021buri - Optimal Solicitors","isPartOf":{"@id":"https:\/\/optimalsolicitors.com\/ro\/#website"},"datePublished":"2021-06-28T16:21:30+00:00","dateModified":"2024-11-05T15:58:38+00:00","breadcrumb":{"@id":"https:\/\/optimalsolicitors.com\/ro\/preturi\/#breadcrumb"},"inLanguage":"ro-GB","potentialAction":[{"@type":"ReadAction","target":["https:\/\/optimalsolicitors.com\/ro\/preturi\/"]}]},{"@type":"BreadcrumbList","@id":"https:\/\/optimalsolicitors.com\/ro\/preturi\/#breadcrumb","itemListElement":[{"@type":"ListItem","position":1,"name":"Home","item":"https:\/\/optimalsolicitors.com\/ro\/"},{"@type":"ListItem","position":2,"name":"Pre\u021buri"}]},{"@type":"WebSite","@id":"https:\/\/optimalsolicitors.com\/ro\/#website","url":"https:\/\/optimalsolicitors.com\/ro\/","name":"Optimal Solicitors","description":"Speaking the language of law","publisher":{"@id":"https:\/\/optimalsolicitors.com\/ro\/#organization"},"potentialAction":[{"@type":"SearchAction","target":{"@type":"EntryPoint","urlTemplate":"https:\/\/optimalsolicitors.com\/ro\/?s={search_term_string}"},"query-input":{"@type":"PropertyValueSpecification","valueRequired":true,"valueName":"search_term_string"}}],"inLanguage":"ro-GB"},{"@type":"Organization","@id":"https:\/\/optimalsolicitors.com\/ro\/#organization","name":"Optimal Solicitors","url":"https:\/\/optimalsolicitors.com\/ro\/","logo":{"@type":"ImageObject","inLanguage":"ro-GB","@id":"https:\/\/optimalsolicitors.com\/ro\/#\/schema\/logo\/image\/","url":"https:\/\/optimalsolicitors.com\/wp-content\/uploads\/2023\/04\/logo.svg","contentUrl":"https:\/\/optimalsolicitors.com\/wp-content\/uploads\/2023\/04\/logo.svg","width":158,"height":80,"caption":"Optimal Solicitors"},"image":{"@id":"https:\/\/optimalsolicitors.com\/ro\/#\/schema\/logo\/image\/"},"sameAs":["https:\/\/www.facebook.com\/optimalsolicitors\/","https:\/\/x.com\/OptimalClaim"]}]}},"acf":[],"_links":{"self":[{"href":"https:\/\/optimalsolicitors.com\/ro\/wp-json\/wp\/v2\/pages\/2661","targetHints":{"allow":["GET"]}}],"collection":[{"href":"https:\/\/optimalsolicitors.com\/ro\/wp-json\/wp\/v2\/pages"}],"about":[{"href":"https:\/\/optimalsolicitors.com\/ro\/wp-json\/wp\/v2\/types\/page"}],"author":[{"embeddable":true,"href":"https:\/\/optimalsolicitors.com\/ro\/wp-json\/wp\/v2\/users\/12"}],"replies":[{"embeddable":true,"href":"https:\/\/optimalsolicitors.com\/ro\/wp-json\/wp\/v2\/comments?post=2661"}],"version-history":[{"count":8,"href":"https:\/\/optimalsolicitors.com\/ro\/wp-json\/wp\/v2\/pages\/2661\/revisions"}],"predecessor-version":[{"id":8015,"href":"https:\/\/optimalsolicitors.com\/ro\/wp-json\/wp\/v2\/pages\/2661\/revisions\/8015"}],"wp:attachment":[{"href":"https:\/\/optimalsolicitors.com\/ro\/wp-json\/wp\/v2\/media?parent=2661"}],"curies":[{"name":"wp","href":"https:\/\/api.w.org\/{rel}","templated":true}]}}