{"id":6476,"date":"2024-01-18T10:23:44","date_gmt":"2024-01-18T10:23:44","guid":{"rendered":"https:\/\/optimalsolicitors.com\/?page_id=6476"},"modified":"2024-01-18T10:31:55","modified_gmt":"2024-01-18T10:31:55","slug":"autorzy","status":"publish","type":"page","link":"https:\/\/optimalsolicitors.com\/pl\/autorzy\/","title":{"rendered":"Autorzy"},"content":{"rendered":"<h1><span class=\"ui-provider bip biq bir bis bit biu biv biw bix biy biz bja bjb bjc bjd bje bjf bjg bjh bji bjj bjk bjl bjm bjn bjo bjp bjq bjr bjs bjt bju bjv bjw bjx\" dir=\"ltr\">W \u015awietle Prawa &#8211; Strona Autor\u00f3w Kancelarii Zaprasza do Odkrywania Prawnych Sekret\u00f3w<\/span><\/h1>\n<p>&nbsp;<\/p>\n<p>Witajcie na naszej autorskiej stronie, gdzie do\u015bwiadczeni prawnicy rzucaj\u0105 \u015bwiat\u0142o na zawi\u0142o\u015bci prawa. Nasza kancelaria pragnie uczyni\u0107 \u015bwiat prawa bardziej zrozumia\u0142ym, prezentuj\u0105c go w prosty i fascynuj\u0105cy spos\u00f3b.<\/p>\n<p>Zapraszamy do lektury tekst\u00f3w naszych ekspert\u00f3w, kt\u00f3re nie tylko analizuj\u0105 aktualne zjawiska prawne, ale tak\u017ce dostarczaj\u0105 praktycznych wskaz\u00f3wek. Nasza pasja do prawa przejawia si\u0119 w ch\u0119ci dzielenia si\u0119 wiedz\u0105 i wspierania Was w zrozumieniu subtelno\u015bci prawnych.<\/p>\n<hr \/>\n<p>&nbsp;<\/p>\n","protected":false},"excerpt":{"rendered":"<p>W \u015awietle Prawa &#8211; Strona Autor\u00f3w Kancelarii Zaprasza do Odkrywania Prawnych Sekret\u00f3w &nbsp; Witajcie na naszej autorskiej stronie, gdzie do\u015bwiadczeni prawnicy rzucaj\u0105 \u015bwiat\u0142o na zawi\u0142o\u015bci prawa. Nasza kancelaria pragnie uczyni\u0107 \u015bwiat prawa bardziej zrozumia\u0142ym, prezentuj\u0105c go w prosty i fascynuj\u0105cy spos\u00f3b. Zapraszamy do lektury tekst\u00f3w naszych ekspert\u00f3w, kt\u00f3re nie tylko analizuj\u0105 aktualne zjawiska prawne, ale<\/p>\n<div class=\"read-more\"><a class=\"btn btn-md btn-gold-outline clear\" href=\"https:\/\/optimalsolicitors.com\/pl\/autorzy\/\">Read More<\/a><\/div>\n","protected":false},"author":14,"featured_media":0,"parent":0,"menu_order":0,"comment_status":"closed","ping_status":"closed","template":"views\/authors.blade.php","meta":{"footnotes":""},"class_list":["post-6476","page","type-page","status-publish","hentry"],"yoast_head":"<!-- This site is optimized with the Yoast SEO Premium plugin v27.3 (Yoast SEO v27.3) - https:\/\/yoast.com\/product\/yoast-seo-premium-wordpress\/ -->\n<title>Autorzy - Optimal Solicitors<\/title>\n<meta name=\"robots\" content=\"index, follow, max-snippet:-1, max-image-preview:large, max-video-preview:-1\" \/>\n<link rel=\"canonical\" href=\"https:\/\/optimalsolicitors.com\/pl\/autorzy\/\" \/>\n<meta property=\"og:locale\" content=\"pl_PL\" \/>\n<meta property=\"og:type\" content=\"article\" \/>\n<meta property=\"og:title\" content=\"Autorzy\" \/>\n<meta property=\"og:description\" content=\"W \u015awietle Prawa &#8211; Strona Autor\u00f3w Kancelarii Zaprasza do Odkrywania Prawnych Sekret\u00f3w &nbsp; Witajcie na naszej autorskiej stronie, gdzie do\u015bwiadczeni prawnicy rzucaj\u0105 \u015bwiat\u0142o na zawi\u0142o\u015bci prawa. Nasza kancelaria pragnie uczyni\u0107 \u015bwiat prawa bardziej zrozumia\u0142ym, prezentuj\u0105c go w prosty i fascynuj\u0105cy spos\u00f3b. Zapraszamy do lektury tekst\u00f3w naszych ekspert\u00f3w, kt\u00f3re nie tylko analizuj\u0105 aktualne zjawiska prawne, aleRead More\" \/>\n<meta property=\"og:url\" content=\"https:\/\/optimalsolicitors.com\/pl\/autorzy\/\" \/>\n<meta property=\"og:site_name\" content=\"Optimal Solicitors\" \/>\n<meta property=\"article:publisher\" content=\"https:\/\/www.facebook.com\/optimalsolicitors\/\" \/>\n<meta property=\"article:modified_time\" content=\"2024-01-18T10:31:55+00:00\" \/>\n<meta name=\"twitter:card\" content=\"summary_large_image\" \/>\n<meta name=\"twitter:site\" content=\"@OptimalClaim\" \/>\n<meta name=\"twitter:label1\" content=\"Est. reading time\" \/>\n\t<meta name=\"twitter:data1\" content=\"1 minute\" \/>\n<script type=\"application\/ld+json\" class=\"yoast-schema-graph\">{\"@context\":\"https:\\\/\\\/schema.org\",\"@graph\":[{\"@type\":\"WebPage\",\"@id\":\"https:\\\/\\\/optimalsolicitors.com\\\/pl\\\/autorzy\\\/\",\"url\":\"https:\\\/\\\/optimalsolicitors.com\\\/pl\\\/autorzy\\\/\",\"name\":\"Autorzy - Optimal Solicitors\",\"isPartOf\":{\"@id\":\"https:\\\/\\\/optimalsolicitors.com\\\/pl\\\/#website\"},\"datePublished\":\"2024-01-18T10:23:44+00:00\",\"dateModified\":\"2024-01-18T10:31:55+00:00\",\"breadcrumb\":{\"@id\":\"https:\\\/\\\/optimalsolicitors.com\\\/pl\\\/autorzy\\\/#breadcrumb\"},\"inLanguage\":\"pl-GB\",\"potentialAction\":[{\"@type\":\"ReadAction\",\"target\":[\"https:\\\/\\\/optimalsolicitors.com\\\/pl\\\/autorzy\\\/\"]}]},{\"@type\":\"BreadcrumbList\",\"@id\":\"https:\\\/\\\/optimalsolicitors.com\\\/pl\\\/autorzy\\\/#breadcrumb\",\"itemListElement\":[{\"@type\":\"ListItem\",\"position\":1,\"name\":\"Home\",\"item\":\"https:\\\/\\\/optimalsolicitors.com\\\/pl\\\/\"},{\"@type\":\"ListItem\",\"position\":2,\"name\":\"Autorzy\"}]},{\"@type\":\"WebSite\",\"@id\":\"https:\\\/\\\/optimalsolicitors.com\\\/pl\\\/#website\",\"url\":\"https:\\\/\\\/optimalsolicitors.com\\\/pl\\\/\",\"name\":\"Optimal Solicitors\",\"description\":\"Speaking the language of law\",\"publisher\":{\"@id\":\"https:\\\/\\\/optimalsolicitors.com\\\/pl\\\/#organization\"},\"potentialAction\":[{\"@type\":\"SearchAction\",\"target\":{\"@type\":\"EntryPoint\",\"urlTemplate\":\"https:\\\/\\\/optimalsolicitors.com\\\/pl\\\/?s={search_term_string}\"},\"query-input\":{\"@type\":\"PropertyValueSpecification\",\"valueRequired\":true,\"valueName\":\"search_term_string\"}}],\"inLanguage\":\"pl-GB\"},{\"@type\":\"Organization\",\"@id\":\"https:\\\/\\\/optimalsolicitors.com\\\/pl\\\/#organization\",\"name\":\"Optimal Solicitors\",\"url\":\"https:\\\/\\\/optimalsolicitors.com\\\/pl\\\/\",\"logo\":{\"@type\":\"ImageObject\",\"inLanguage\":\"pl-GB\",\"@id\":\"https:\\\/\\\/optimalsolicitors.com\\\/pl\\\/#\\\/schema\\\/logo\\\/image\\\/\",\"url\":\"https:\\\/\\\/optimalsolicitors.com\\\/wp-content\\\/uploads\\\/2023\\\/04\\\/logo.svg\",\"contentUrl\":\"https:\\\/\\\/optimalsolicitors.com\\\/wp-content\\\/uploads\\\/2023\\\/04\\\/logo.svg\",\"width\":158,\"height\":80,\"caption\":\"Optimal Solicitors\"},\"image\":{\"@id\":\"https:\\\/\\\/optimalsolicitors.com\\\/pl\\\/#\\\/schema\\\/logo\\\/image\\\/\"},\"sameAs\":[\"https:\\\/\\\/www.facebook.com\\\/optimalsolicitors\\\/\",\"https:\\\/\\\/x.com\\\/OptimalClaim\"]}]}<\/script>\n<!-- \/ Yoast SEO Premium plugin. -->","yoast_head_json":{"title":"Autorzy - Optimal Solicitors","robots":{"index":"index","follow":"follow","max-snippet":"max-snippet:-1","max-image-preview":"max-image-preview:large","max-video-preview":"max-video-preview:-1"},"canonical":"https:\/\/optimalsolicitors.com\/pl\/autorzy\/","og_locale":"pl_PL","og_type":"article","og_title":"Autorzy","og_description":"W \u015awietle Prawa &#8211; Strona Autor\u00f3w Kancelarii Zaprasza do Odkrywania Prawnych Sekret\u00f3w &nbsp; Witajcie na naszej autorskiej stronie, gdzie do\u015bwiadczeni prawnicy rzucaj\u0105 \u015bwiat\u0142o na zawi\u0142o\u015bci prawa. Nasza kancelaria pragnie uczyni\u0107 \u015bwiat prawa bardziej zrozumia\u0142ym, prezentuj\u0105c go w prosty i fascynuj\u0105cy spos\u00f3b. Zapraszamy do lektury tekst\u00f3w naszych ekspert\u00f3w, kt\u00f3re nie tylko analizuj\u0105 aktualne zjawiska prawne, aleRead More","og_url":"https:\/\/optimalsolicitors.com\/pl\/autorzy\/","og_site_name":"Optimal Solicitors","article_publisher":"https:\/\/www.facebook.com\/optimalsolicitors\/","article_modified_time":"2024-01-18T10:31:55+00:00","twitter_card":"summary_large_image","twitter_site":"@OptimalClaim","twitter_misc":{"Est. reading time":"1 minute"},"schema":{"@context":"https:\/\/schema.org","@graph":[{"@type":"WebPage","@id":"https:\/\/optimalsolicitors.com\/pl\/autorzy\/","url":"https:\/\/optimalsolicitors.com\/pl\/autorzy\/","name":"Autorzy - Optimal Solicitors","isPartOf":{"@id":"https:\/\/optimalsolicitors.com\/pl\/#website"},"datePublished":"2024-01-18T10:23:44+00:00","dateModified":"2024-01-18T10:31:55+00:00","breadcrumb":{"@id":"https:\/\/optimalsolicitors.com\/pl\/autorzy\/#breadcrumb"},"inLanguage":"pl-GB","potentialAction":[{"@type":"ReadAction","target":["https:\/\/optimalsolicitors.com\/pl\/autorzy\/"]}]},{"@type":"BreadcrumbList","@id":"https:\/\/optimalsolicitors.com\/pl\/autorzy\/#breadcrumb","itemListElement":[{"@type":"ListItem","position":1,"name":"Home","item":"https:\/\/optimalsolicitors.com\/pl\/"},{"@type":"ListItem","position":2,"name":"Autorzy"}]},{"@type":"WebSite","@id":"https:\/\/optimalsolicitors.com\/pl\/#website","url":"https:\/\/optimalsolicitors.com\/pl\/","name":"Optimal Solicitors","description":"Speaking the language of law","publisher":{"@id":"https:\/\/optimalsolicitors.com\/pl\/#organization"},"potentialAction":[{"@type":"SearchAction","target":{"@type":"EntryPoint","urlTemplate":"https:\/\/optimalsolicitors.com\/pl\/?s={search_term_string}"},"query-input":{"@type":"PropertyValueSpecification","valueRequired":true,"valueName":"search_term_string"}}],"inLanguage":"pl-GB"},{"@type":"Organization","@id":"https:\/\/optimalsolicitors.com\/pl\/#organization","name":"Optimal Solicitors","url":"https:\/\/optimalsolicitors.com\/pl\/","logo":{"@type":"ImageObject","inLanguage":"pl-GB","@id":"https:\/\/optimalsolicitors.com\/pl\/#\/schema\/logo\/image\/","url":"https:\/\/optimalsolicitors.com\/wp-content\/uploads\/2023\/04\/logo.svg","contentUrl":"https:\/\/optimalsolicitors.com\/wp-content\/uploads\/2023\/04\/logo.svg","width":158,"height":80,"caption":"Optimal Solicitors"},"image":{"@id":"https:\/\/optimalsolicitors.com\/pl\/#\/schema\/logo\/image\/"},"sameAs":["https:\/\/www.facebook.com\/optimalsolicitors\/","https:\/\/x.com\/OptimalClaim"]}]}},"acf":[],"_links":{"self":[{"href":"https:\/\/optimalsolicitors.com\/pl\/wp-json\/wp\/v2\/pages\/6476","targetHints":{"allow":["GET"]}}],"collection":[{"href":"https:\/\/optimalsolicitors.com\/pl\/wp-json\/wp\/v2\/pages"}],"about":[{"href":"https:\/\/optimalsolicitors.com\/pl\/wp-json\/wp\/v2\/types\/page"}],"author":[{"embeddable":true,"href":"https:\/\/optimalsolicitors.com\/pl\/wp-json\/wp\/v2\/users\/14"}],"replies":[{"embeddable":true,"href":"https:\/\/optimalsolicitors.com\/pl\/wp-json\/wp\/v2\/comments?post=6476"}],"version-history":[{"count":3,"href":"https:\/\/optimalsolicitors.com\/pl\/wp-json\/wp\/v2\/pages\/6476\/revisions"}],"predecessor-version":[{"id":6482,"href":"https:\/\/optimalsolicitors.com\/pl\/wp-json\/wp\/v2\/pages\/6476\/revisions\/6482"}],"wp:attachment":[{"href":"https:\/\/optimalsolicitors.com\/pl\/wp-json\/wp\/v2\/media?parent=6476"}],"curies":[{"name":"wp","href":"https:\/\/api.w.org\/{rel}","templated":true}]}}