{"id":4873,"date":"2023-02-06T12:42:41","date_gmt":"2023-02-06T12:42:41","guid":{"rendered":"https:\/\/optimalsolicitors.kinsta.cloud\/?page_id=4873"},"modified":"2025-09-24T14:25:52","modified_gmt":"2025-09-24T13:25:52","slug":"polityka-prywatnosci","status":"publish","type":"page","link":"https:\/\/optimalsolicitors.com\/pl\/polityka-prywatnosci\/","title":{"rendered":"Polityka prywatno\u015bci"},"content":{"rendered":"<ol>\n<li class=\"text-align-justify\"><b>Wprowadzenie<\/b>\n<ol class=\"1\">\n<li>Optimal Solicitors traktuje twoj\u0105 prywatno\u015b\u0107 bardzo powa\u017cnie. Prosimy o uwa\u017cne przeczytanie niniejszych zasad ochrony prywatno\u015bci, poniewa\u017c zawieraj\u0105 one wa\u017cne informacje na temat tego, czego mo\u017cna si\u0119 spodziewa\u0107, gdy Optimal Solicitors gromadzi dane osobowe o u\u017cytkowniku i jak Optimal Solicitors b\u0119dzie wykorzystywa\u0107 dane osobowe.<\/li>\n<li>Optimal Solicitors jest nazw\u0105 handlow\u0105 firmy Optimal Solicitors Ltd, z siedzib\u0105 przy 3rd floor, Oakland House, Talbot Road, Manchester, M16 0PQ.<\/li>\n<li>Optimal Solicitors Ltd jest cz\u0119\u015bci\u0105 grupy firm Optimal, kt\u00f3ra obejmuje Optimal Med Ltd i Optimal Strategies Ltd.<\/li>\n<li>Niniejsza polityka dotyczy informacji, kt\u00f3re zbieramy o::\n<ol class=\"14\">\n<li>osobach odwiedzaj\u0105cych nasz\u0105 stron\u0119 internetow\u0105<\/li>\n<li>osobach, kt\u00f3re prowadz\u0105 z nami interesy lub rejestruj\u0105 si\u0119 w naszych us\u0142ugach<\/li>\n<li>osobach, kt\u00f3re kontaktuj\u0105 si\u0119 z nami za po\u015brednictwem Facebooka, Twittera i innych medi\u00f3w spo\u0142eczno\u015bciowych<\/li>\n<li>osobach, kt\u00f3re kontaktuj\u0105 si\u0119 z nami za pomoc\u0105 poczty elektronicznej, wiadomo\u015bci tekstowych lub podobnych<\/li>\n<li>osobach, kt\u00f3rych sprawy zosta\u0142y nam zg\u0142oszone przez osoby trzecie.<\/li>\n<\/ol>\n<\/li>\n<\/ol>\n<\/li>\n<li class=\"text-align-justify\"><b>Informacje, kt\u00f3re zbieramy o tobie<\/b><br \/>\nKiedy prowadzisz z nami interesy lub rejestrujesz si\u0119 w naszym serwisie, zbieramy od ciebie nast\u0119puj\u0105ce dane osobowe:<\/p>\n<ol class=\"2\">\n<li>imi\u0119 i nazwisko<\/li>\n<li>adres pocztowy, adres e-mail i numer telefonu<\/li>\n<li>adres na Facebooku, Twitterze i innych mediach spo\u0142eczno\u015bciowych<\/li>\n<li>Czasami mo\u017cemy otrzyma\u0107 informacje o tobie z innych \u017ar\u00f3de\u0142 (takich jak biura informacji kredytowej lub podmioty \u015bwiadcz\u0105ce us\u0142ugi lecznicze), kt\u00f3re dodamy do informacji, kt\u00f3re ju\u017c posiadamy na tw\u00f3j temat, aby pom\u00f3c nam w \u015bwiadczeniu us\u0142ug prawnych.<\/li>\n<\/ol>\n<\/li>\n<li class=\"text-align-justify\"><b>Jak b\u0119dziemy wykorzystywa\u0107 informacje o tobie<\/b>\n<ol class=\"3\">\n<li>Zbieramy te informacje, aby umo\u017cliwi\u0107 nam \u015bwiadczenie \u017c\u0105danych us\u0142ug. Odpowiednie informacje s\u0105 nast\u0119pnie wykorzystywane przez nas do komunikowania si\u0119 z tob\u0105 we wszelkich sprawach zwi\u0105zanych z og\u00f3lnym prowadzeniem twoich spraw. Mo\u017cemy r\u00f3wnie\u017c kontaktowa\u0107 si\u0119 z tob\u0105 w sprawie innych produkt\u00f3w i us\u0142ug, kt\u00f3re naszym zdaniem mog\u0105 by\u0107 dla ciebie interesuj\u0105ce.<\/li>\n<li>Mo\u017cemy r\u00f3wnie\u017c wykorzystywa\u0107 informacje zbiorcze i statystyki do cel\u00f3w monitorowania wykorzystania strony internetowej, aby pom\u00f3c nam w rozwoju naszej strony internetowej i naszych us\u0142ug. Mo\u017cemy r\u00f3wnie\u017c dostarcza\u0107 takie zbiorcze informacje stronom trzecim. Statystyki te nie b\u0119d\u0105 zawiera\u0107 informacji, kt\u00f3re mog\u0105 by\u0107 wykorzystane do identyfikacji u\u017cytkownika.<\/li>\n<\/ol>\n<\/li>\n<li class=\"text-align-justify\"><b>Marketing<\/b>\n<ol class=\"4\">\n<li>Mo\u017cemy r\u00f3wnie\u017c chcie\u0107 przekaza\u0107 ci informacje o specjalnych funkcjach naszej strony internetowej lub innych us\u0142ugach, kt\u00f3re naszym zdaniem mog\u0105 by\u0107 dla ciebie interesuj\u0105ce. Je\u015bli wolisz nie otrzymywa\u0107 takich informacji, prosimy o wys\u0142anie wiadomo\u015bci w tej sprawie. Je\u015bli zgadzasz si\u0119 na dostarczanie przez nas informacji marketingowych, zawsze mo\u017cesz zrezygnowa\u0107 z nich w p\u00f3\u017aniejszym terminie.<\/li>\n<\/ol>\n<\/li>\n<li class=\"text-align-justify\"><strong>Pliki cookie i technologie zbierania informacji<br \/>\n<\/strong>U\u017cywamy plik\u00f3w cookie oraz podobnych technologii (takich jak znaczniki pikselowe) na naszej stronie internetowej, aby zapewni\u0107 jej prawid\u0142owe dzia\u0142anie, zapobiega\u0107 nadu\u017cyciom oraz mierzy\u0107 i optymalizowa\u0107 wydajno\u015b\u0107 serwisu.<\/p>\n<ol class=\"5\">\n<li>Niezb\u0119dne pliki cookie s\u0105 konieczne \u2013 na przyk\u0142ad do ochrony formularzy kontaktowych (reCAPTCHA), zapami\u0119tywania preferencji j\u0119zykowych lub sesji oraz zapisania Twoich wybor\u00f3w dotycz\u0105cych plik\u00f3w cookie. Te pliki s\u0105 zawsze aktywne i nie wymagaj\u0105 Twojej zgody.<\/li>\n<li>Pliki cookie analityczne i marketingowe (np. Google Ads conversion tracking, Meta Pixel) s\u0105 w\u0142\u0105czane wy\u0142\u0105cznie wtedy, gdy wyrazisz na to aktywn\u0105 zgod\u0119 za pomoc\u0105 banera cookie.<\/li>\n<li>Baner cookie jest celowo dyskretny i nienachalny; mo\u017cesz zaakceptowa\u0107 wszystkie pliki, odrzuci\u0107 wszystkie lub zarz\u0105dza\u0107 swoimi preferencjami w momencie, gdy si\u0119 pojawi. W ka\u017cdej chwili mo\u017cesz r\u00f3wnie\u017c zmieni\u0107 dokonane wcze\u015bniej wybory.<\/li>\n<li>Je\u015bli chcesz uzyska\u0107 wi\u0119cej informacji na temat sposobu, w jaki korzystamy z plik\u00f3w cookie, lub pozna\u0107 swoje prawa, skontaktuj si\u0119 z nami pod adresem: info@optimalsolicitors.com.<\/li>\n<\/ol>\n<\/li>\n<li class=\"text-align-justify\"><b>Jak chronimy twoje informacje<\/b>\n<ol class=\"6\">\n<li>Wprowadzili\u015bmy rygorystyczne procedury bezpiecze\u0144stwa oraz \u015brodki techniczne i organizacyjne w celu zabezpieczenia twoich danych osobowych.<\/li>\n<li>Do\u0142o\u017cymy wszelkich stara\u0144, aby zabezpieczy\u0107 twoje dane osobowe. Nale\u017cy jednak pami\u0119ta\u0107, \u017ce korzystanie z Internetu nie jest ca\u0142kowicie bezpieczne i z tego powodu nie mo\u017cemy zagwarantowa\u0107 bezpiecze\u0144stwa ani integralno\u015bci \u017cadnych danych osobowych, kt\u00f3re s\u0105 przekazywane przez ciebie lub do ciebie przez Internet.<\/li>\n<\/ol>\n<\/li>\n<li class=\"text-align-justify\"><b>Transfery zagraniczne<\/b>\n<ol class=\"7\">\n<li>Podane przez ciebie informacje mog\u0105 by\u0107 przekazywane do kraj\u00f3w spoza Europejskiego Obszaru Gospodarczego (EOG), w kt\u00f3rych nie obowi\u0105zuj\u0105 podobne zabezpieczenia dotycz\u0105ce twoich danych i ogranicze\u0144 w ich wykorzystywaniu, jak te okre\u015blone w niniejszej polityce. Podejmiemy jednak odpowiednie kroki w celu zapewnienia w\u0142a\u015bciwych zabezpiecze\u0144, aby zapewni\u0107 bezpiecze\u0144stwo twoich informacji. EOG obejmuje pa\u0144stwa cz\u0142onkowskie UE oraz Norwegi\u0119, Islandi\u0119 i Liechtenstein. Przekazuj\u0105c swoje informacje, wyra\u017casz zgod\u0119 na te transfery w celach okre\u015blonych powy\u017cej.<\/li>\n<\/ol>\n<\/li>\n<li class=\"text-align-justify\"><b>Dost\u0119p do informacji na sw\u00f3j temat oraz ich aktualizacja i poprawianie<\/b>\n<ol class=\"8\">\n<li>Masz prawo za\u017c\u0105da\u0107 kopii informacji, kt\u00f3re przechowujemy na tw\u00f3j temat. Je\u015bli chcesz uzyska\u0107 kopi\u0119 niekt\u00f3rych lub wszystkich swoich danych osobowych, prosimy o wys\u0142anie do nas wiadomo\u015bci e-mail lub listu do Pana Christophera Germaine, Optimal Solicitors, 3rd Floor, Oakland House, Talbot Road, Manchester, M16 0PQ. Za t\u0119 us\u0142ug\u0119 mo\u017cemy pobiera\u0107 niewielkie op\u0142aty.<\/li>\n<li>Chcemy mie\u0107 pewno\u015b\u0107, \u017ce twoje dane osobowe s\u0105 dok\u0142adne i aktualne. Je\u015bli jakiekolwiek informacje przekazane przez ciebie firmie Optimal Solicitors ulegn\u0105 zmianie, na przyk\u0142ad je\u015bli zmienisz adres e-mail lub nazwisko, prosimy o przekazanie nam poprawnych danych poprzez wys\u0142anie do nas wiadomo\u015bci e-mail lub listu do Pana Christophera Germaine, Optimal Solicitors, 3rd Floor, Oakland House, Talbot Road, Manchester, M16 0PQ. Mo\u017cesz te\u017c poprosi\u0107 nas, lub my ciebie, o skorygowanie informacji, kt\u00f3re twoim zdaniem s\u0105 niedok\u0142adne, a tak\u017ce o usuni\u0119cie informacji, kt\u00f3re s\u0105 niedok\u0142adne.<\/li>\n<\/ol>\n<\/li>\n<li class=\"text-align-justify\"><b>Twoja zgoda<\/b>\n<ol class=\"9\">\n<li>Przesy\u0142aj\u0105c swoje dane osobowe, wyra\u017casz zgod\u0119 na wykorzystanie tych informacji w spos\u00f3b okre\u015blony w niniejszej polityce.<\/li>\n<\/ol>\n<\/li>\n<li class=\"text-align-justify\"><b>Zmiany w polityce prywatno\u015bci<\/b>\n<ol class=\"10\">\n<li>Nasza polityka prywatno\u015bci jest regularnie weryfikowana. Je\u015bli zmienimy nasz\u0105 polityk\u0119 prywatno\u015bci, zamie\u015bcimy zmiany na tej stronie, a tak\u017ce umie\u015bcimy powiadomienia na innych stronach witryny, aby\u015b m\u00f3g\u0142 by\u0107 \u015bwiadomy informacji, kt\u00f3re zbieramy i jak je wykorzystujemy przez ca\u0142y czas. Niniejsza polityka prywatno\u015bci zosta\u0142a ostatnio zaktualizowana 18 czerwca 2018 r.<\/li>\n<\/ol>\n<\/li>\n<li class=\"text-align-justify\"><b>Jak skontaktowa\u0107 si\u0119 z Optimal Solicitors<\/b>\n<ol class=\"11\">\n<li>Z zadowoleniem przyjmujemy pa\u0144stwa opinie na temat naszej strony internetowej i naszej polityki prywatno\u015bci. Je\u015bli chcia\u0142by\u015b skontaktowa\u0107 si\u0119 z nami w sprawie jakichkolwiek pyta\u0144 lub uwag, prosimy o wys\u0142anie wiadomo\u015bci e-mail do nas lub wys\u0142anie listu do Pana Christophera Germaine, 3rd Floor, Oakland House, Talbot Road, Manchester, M16 0PQ.<\/li>\n<\/ol>\n<\/li>\n<li class=\"text-align-justify\"><b>Linki do innych stron internetowych<\/b>\n<ol class=\"12\">\n<li>Nasza strona zawiera linki do innych stron internetowych. Niniejsza polityka prywatno\u015bci dotyczy tylko tej strony, wi\u0119c po wej\u015bciu na linki do innych stron internetowych nale\u017cy zapozna\u0107 si\u0119 z ich w\u0142asn\u0105 polityk\u0105 prywatno\u015bci.<\/li>\n<\/ol>\n<\/li>\n<\/ol>\n","protected":false},"excerpt":{"rendered":"<p>Wprowadzenie Optimal Solicitors traktuje twoj\u0105 prywatno\u015b\u0107 bardzo powa\u017cnie. Prosimy o uwa\u017cne przeczytanie niniejszych zasad ochrony prywatno\u015bci, poniewa\u017c zawieraj\u0105 one wa\u017cne informacje na temat tego, czego mo\u017cna si\u0119 spodziewa\u0107, gdy Optimal Solicitors gromadzi dane osobowe o u\u017cytkowniku i jak Optimal Solicitors b\u0119dzie wykorzystywa\u0107 dane osobowe. Optimal Solicitors jest nazw\u0105 handlow\u0105 firmy Optimal Solicitors Ltd, z siedzib\u0105<\/p>\n<div class=\"read-more\"><a class=\"btn btn-md btn-gold-outline clear\" href=\"https:\/\/optimalsolicitors.com\/pl\/polityka-prywatnosci\/\">Read More<\/a><\/div>\n","protected":false},"author":2,"featured_media":0,"parent":0,"menu_order":0,"comment_status":"closed","ping_status":"open","template":"","meta":{"footnotes":""},"class_list":["post-4873","page","type-page","status-publish","hentry"],"yoast_head":"<!-- This site is optimized with the Yoast SEO Premium plugin v27.4 (Yoast SEO v27.5) - https:\/\/yoast.com\/product\/yoast-seo-premium-wordpress\/ -->\n<title>Polityka prywatno\u015bci - Optimal Solicitors<\/title>\n<meta name=\"robots\" content=\"index, follow, max-snippet:-1, max-image-preview:large, max-video-preview:-1\" \/>\n<link rel=\"canonical\" href=\"https:\/\/optimalsolicitors.com\/pl\/polityka-prywatnosci\/\" \/>\n<meta property=\"og:locale\" content=\"pl_PL\" \/>\n<meta property=\"og:type\" content=\"article\" \/>\n<meta property=\"og:title\" content=\"Polityka prywatno\u015bci\" \/>\n<meta property=\"og:description\" content=\"Wprowadzenie Optimal Solicitors traktuje twoj\u0105 prywatno\u015b\u0107 bardzo powa\u017cnie. Prosimy o uwa\u017cne przeczytanie niniejszych zasad ochrony prywatno\u015bci, poniewa\u017c zawieraj\u0105 one wa\u017cne informacje na temat tego, czego mo\u017cna si\u0119 spodziewa\u0107, gdy Optimal Solicitors gromadzi dane osobowe o u\u017cytkowniku i jak Optimal Solicitors b\u0119dzie wykorzystywa\u0107 dane osobowe. Optimal Solicitors jest nazw\u0105 handlow\u0105 firmy Optimal Solicitors Ltd, z siedzib\u0105Read More\" \/>\n<meta property=\"og:url\" content=\"https:\/\/optimalsolicitors.com\/pl\/polityka-prywatnosci\/\" \/>\n<meta property=\"og:site_name\" content=\"Optimal Solicitors\" \/>\n<meta property=\"article:publisher\" content=\"https:\/\/www.facebook.com\/optimalsolicitors\/\" \/>\n<meta property=\"article:modified_time\" content=\"2025-09-24T13:25:52+00:00\" \/>\n<meta property=\"og:image\" content=\"https:\/\/optimalsolicitors.com\/wp-content\/uploads\/2023\/10\/Optimal_Banners_contesting-a-will.jpg\" \/>\n\t<meta property=\"og:image:width\" content=\"1920\" \/>\n\t<meta property=\"og:image:height\" content=\"1080\" \/>\n\t<meta property=\"og:image:type\" content=\"image\/jpeg\" \/>\n<meta name=\"twitter:card\" content=\"summary_large_image\" \/>\n<meta name=\"twitter:site\" content=\"@OptimalClaim\" \/>\n<meta name=\"twitter:label1\" content=\"Est. reading time\" \/>\n\t<meta name=\"twitter:data1\" content=\"6 minutes\" \/>\n<script type=\"application\/ld+json\" class=\"yoast-schema-graph\">{\"@context\":\"https:\\\/\\\/schema.org\",\"@graph\":[{\"@type\":\"WebPage\",\"@id\":\"https:\\\/\\\/optimalsolicitors.com\\\/pl\\\/polityka-prywatnosci\\\/\",\"url\":\"https:\\\/\\\/optimalsolicitors.com\\\/pl\\\/polityka-prywatnosci\\\/\",\"name\":\"Polityka prywatno\u015bci - Optimal Solicitors\",\"isPartOf\":{\"@id\":\"https:\\\/\\\/optimalsolicitors.com\\\/pl\\\/#website\"},\"datePublished\":\"2023-02-06T12:42:41+00:00\",\"dateModified\":\"2025-09-24T13:25:52+00:00\",\"breadcrumb\":{\"@id\":\"https:\\\/\\\/optimalsolicitors.com\\\/pl\\\/polityka-prywatnosci\\\/#breadcrumb\"},\"inLanguage\":\"pl-GB\",\"potentialAction\":[{\"@type\":\"ReadAction\",\"target\":[\"https:\\\/\\\/optimalsolicitors.com\\\/pl\\\/polityka-prywatnosci\\\/\"]}]},{\"@type\":\"BreadcrumbList\",\"@id\":\"https:\\\/\\\/optimalsolicitors.com\\\/pl\\\/polityka-prywatnosci\\\/#breadcrumb\",\"itemListElement\":[{\"@type\":\"ListItem\",\"position\":1,\"name\":\"Home\",\"item\":\"https:\\\/\\\/optimalsolicitors.com\\\/pl\\\/\"},{\"@type\":\"ListItem\",\"position\":2,\"name\":\"Polityka prywatno\u015bci\"}]},{\"@type\":\"WebSite\",\"@id\":\"https:\\\/\\\/optimalsolicitors.com\\\/pl\\\/#website\",\"url\":\"https:\\\/\\\/optimalsolicitors.com\\\/pl\\\/\",\"name\":\"Optimal Solicitors\",\"description\":\"Speaking the language of law\",\"publisher\":{\"@id\":\"https:\\\/\\\/optimalsolicitors.com\\\/pl\\\/#organization\"},\"potentialAction\":[{\"@type\":\"SearchAction\",\"target\":{\"@type\":\"EntryPoint\",\"urlTemplate\":\"https:\\\/\\\/optimalsolicitors.com\\\/pl\\\/?s={search_term_string}\"},\"query-input\":{\"@type\":\"PropertyValueSpecification\",\"valueRequired\":true,\"valueName\":\"search_term_string\"}}],\"inLanguage\":\"pl-GB\"},{\"@type\":\"Organization\",\"@id\":\"https:\\\/\\\/optimalsolicitors.com\\\/pl\\\/#organization\",\"name\":\"Optimal Solicitors\",\"url\":\"https:\\\/\\\/optimalsolicitors.com\\\/pl\\\/\",\"logo\":{\"@type\":\"ImageObject\",\"inLanguage\":\"pl-GB\",\"@id\":\"https:\\\/\\\/optimalsolicitors.com\\\/pl\\\/#\\\/schema\\\/logo\\\/image\\\/\",\"url\":\"https:\\\/\\\/optimalsolicitors.com\\\/wp-content\\\/uploads\\\/2023\\\/04\\\/logo.svg\",\"contentUrl\":\"https:\\\/\\\/optimalsolicitors.com\\\/wp-content\\\/uploads\\\/2023\\\/04\\\/logo.svg\",\"width\":158,\"height\":80,\"caption\":\"Optimal Solicitors\"},\"image\":{\"@id\":\"https:\\\/\\\/optimalsolicitors.com\\\/pl\\\/#\\\/schema\\\/logo\\\/image\\\/\"},\"sameAs\":[\"https:\\\/\\\/www.facebook.com\\\/optimalsolicitors\\\/\",\"https:\\\/\\\/x.com\\\/OptimalClaim\"]}]}<\/script>\n<!-- \/ Yoast SEO Premium plugin. -->","yoast_head_json":{"title":"Polityka prywatno\u015bci - Optimal Solicitors","robots":{"index":"index","follow":"follow","max-snippet":"max-snippet:-1","max-image-preview":"max-image-preview:large","max-video-preview":"max-video-preview:-1"},"canonical":"https:\/\/optimalsolicitors.com\/pl\/polityka-prywatnosci\/","og_locale":"pl_PL","og_type":"article","og_title":"Polityka prywatno\u015bci","og_description":"Wprowadzenie Optimal Solicitors traktuje twoj\u0105 prywatno\u015b\u0107 bardzo powa\u017cnie. Prosimy o uwa\u017cne przeczytanie niniejszych zasad ochrony prywatno\u015bci, poniewa\u017c zawieraj\u0105 one wa\u017cne informacje na temat tego, czego mo\u017cna si\u0119 spodziewa\u0107, gdy Optimal Solicitors gromadzi dane osobowe o u\u017cytkowniku i jak Optimal Solicitors b\u0119dzie wykorzystywa\u0107 dane osobowe. Optimal Solicitors jest nazw\u0105 handlow\u0105 firmy Optimal Solicitors Ltd, z siedzib\u0105Read More","og_url":"https:\/\/optimalsolicitors.com\/pl\/polityka-prywatnosci\/","og_site_name":"Optimal Solicitors","article_publisher":"https:\/\/www.facebook.com\/optimalsolicitors\/","article_modified_time":"2025-09-24T13:25:52+00:00","og_image":[{"width":1920,"height":1080,"url":"https:\/\/optimalsolicitors.com\/wp-content\/uploads\/2023\/10\/Optimal_Banners_contesting-a-will.jpg","type":"image\/jpeg"}],"twitter_card":"summary_large_image","twitter_site":"@OptimalClaim","twitter_misc":{"Est. reading time":"6 minutes"},"schema":{"@context":"https:\/\/schema.org","@graph":[{"@type":"WebPage","@id":"https:\/\/optimalsolicitors.com\/pl\/polityka-prywatnosci\/","url":"https:\/\/optimalsolicitors.com\/pl\/polityka-prywatnosci\/","name":"Polityka prywatno\u015bci - Optimal Solicitors","isPartOf":{"@id":"https:\/\/optimalsolicitors.com\/pl\/#website"},"datePublished":"2023-02-06T12:42:41+00:00","dateModified":"2025-09-24T13:25:52+00:00","breadcrumb":{"@id":"https:\/\/optimalsolicitors.com\/pl\/polityka-prywatnosci\/#breadcrumb"},"inLanguage":"pl-GB","potentialAction":[{"@type":"ReadAction","target":["https:\/\/optimalsolicitors.com\/pl\/polityka-prywatnosci\/"]}]},{"@type":"BreadcrumbList","@id":"https:\/\/optimalsolicitors.com\/pl\/polityka-prywatnosci\/#breadcrumb","itemListElement":[{"@type":"ListItem","position":1,"name":"Home","item":"https:\/\/optimalsolicitors.com\/pl\/"},{"@type":"ListItem","position":2,"name":"Polityka prywatno\u015bci"}]},{"@type":"WebSite","@id":"https:\/\/optimalsolicitors.com\/pl\/#website","url":"https:\/\/optimalsolicitors.com\/pl\/","name":"Optimal Solicitors","description":"Speaking the language of law","publisher":{"@id":"https:\/\/optimalsolicitors.com\/pl\/#organization"},"potentialAction":[{"@type":"SearchAction","target":{"@type":"EntryPoint","urlTemplate":"https:\/\/optimalsolicitors.com\/pl\/?s={search_term_string}"},"query-input":{"@type":"PropertyValueSpecification","valueRequired":true,"valueName":"search_term_string"}}],"inLanguage":"pl-GB"},{"@type":"Organization","@id":"https:\/\/optimalsolicitors.com\/pl\/#organization","name":"Optimal Solicitors","url":"https:\/\/optimalsolicitors.com\/pl\/","logo":{"@type":"ImageObject","inLanguage":"pl-GB","@id":"https:\/\/optimalsolicitors.com\/pl\/#\/schema\/logo\/image\/","url":"https:\/\/optimalsolicitors.com\/wp-content\/uploads\/2023\/04\/logo.svg","contentUrl":"https:\/\/optimalsolicitors.com\/wp-content\/uploads\/2023\/04\/logo.svg","width":158,"height":80,"caption":"Optimal Solicitors"},"image":{"@id":"https:\/\/optimalsolicitors.com\/pl\/#\/schema\/logo\/image\/"},"sameAs":["https:\/\/www.facebook.com\/optimalsolicitors\/","https:\/\/x.com\/OptimalClaim"]}]}},"acf":[],"_links":{"self":[{"href":"https:\/\/optimalsolicitors.com\/pl\/wp-json\/wp\/v2\/pages\/4873","targetHints":{"allow":["GET"]}}],"collection":[{"href":"https:\/\/optimalsolicitors.com\/pl\/wp-json\/wp\/v2\/pages"}],"about":[{"href":"https:\/\/optimalsolicitors.com\/pl\/wp-json\/wp\/v2\/types\/page"}],"author":[{"embeddable":true,"href":"https:\/\/optimalsolicitors.com\/pl\/wp-json\/wp\/v2\/users\/2"}],"replies":[{"embeddable":true,"href":"https:\/\/optimalsolicitors.com\/pl\/wp-json\/wp\/v2\/comments?post=4873"}],"version-history":[{"count":3,"href":"https:\/\/optimalsolicitors.com\/pl\/wp-json\/wp\/v2\/pages\/4873\/revisions"}],"predecessor-version":[{"id":9022,"href":"https:\/\/optimalsolicitors.com\/pl\/wp-json\/wp\/v2\/pages\/4873\/revisions\/9022"}],"wp:attachment":[{"href":"https:\/\/optimalsolicitors.com\/pl\/wp-json\/wp\/v2\/media?parent=4873"}],"curies":[{"name":"wp","href":"https:\/\/api.w.org\/{rel}","templated":true}]}}