{"id":4844,"date":"2023-02-06T09:02:38","date_gmt":"2023-02-06T09:02:38","guid":{"rendered":"https:\/\/optimalsolicitors.kinsta.cloud\/?page_id=4844"},"modified":"2023-10-19T12:18:01","modified_gmt":"2023-10-19T11:18:01","slug":"spory-handlowe-i-postepowanie-sadowe","status":"publish","type":"page","link":"https:\/\/optimalsolicitors.com\/pl\/uslugi-dla-firm\/spory-handlowe-i-postepowanie-sadowe\/","title":{"rendered":"Spory handlowe i post\u0119powanie s\u0105dowe"},"content":{"rendered":"","protected":false},"excerpt":{"rendered":"","protected":false},"author":2,"featured_media":0,"parent":4256,"menu_order":0,"comment_status":"closed","ping_status":"closed","template":"views\/subservice.blade.php","meta":{"footnotes":""},"class_list":["post-4844","page","type-page","status-publish","hentry"],"yoast_head":"<!-- This site is optimized with the Yoast SEO Premium plugin v27.4 (Yoast SEO v27.4) - https:\/\/yoast.com\/product\/yoast-seo-premium-wordpress\/ -->\n<title>Spory handlowe i post\u0119powanie s\u0105dowe - Optimal Solicitors<\/title>\n<meta name=\"description\" content=\"Nieporozumienia w biznesie s\u0105 o wiele bardziej powszechne ni\u017c my\u015blisz. Kiedy co\u015b p\u00f3jdzie nie tak, potrzebujesz prawnika, kt\u00f3remu mo\u017cesz zaufa\u0107\" \/>\n<meta name=\"robots\" content=\"index, follow, max-snippet:-1, max-image-preview:large, max-video-preview:-1\" \/>\n<link rel=\"canonical\" href=\"https:\/\/optimalsolicitors.com\/pl\/uslugi-dla-firm\/spory-handlowe-i-postepowanie-sadowe\/\" \/>\n<meta property=\"og:locale\" content=\"pl_PL\" \/>\n<meta property=\"og:type\" content=\"article\" \/>\n<meta property=\"og:title\" content=\"Spory handlowe i post\u0119powanie s\u0105dowe\" \/>\n<meta property=\"og:description\" content=\"Nieporozumienia w biznesie s\u0105 o wiele bardziej powszechne ni\u017c my\u015blisz. Kiedy co\u015b p\u00f3jdzie nie tak, potrzebujesz prawnika, kt\u00f3remu mo\u017cesz zaufa\u0107\" \/>\n<meta property=\"og:url\" content=\"https:\/\/optimalsolicitors.com\/pl\/uslugi-dla-firm\/spory-handlowe-i-postepowanie-sadowe\/\" \/>\n<meta property=\"og:site_name\" content=\"Optimal Solicitors\" \/>\n<meta property=\"article:publisher\" content=\"https:\/\/www.facebook.com\/optimalsolicitors\/\" \/>\n<meta property=\"article:modified_time\" content=\"2023-10-19T11:18:01+00:00\" \/>\n<meta property=\"og:image\" content=\"https:\/\/optimalsolicitors.com\/wp-content\/uploads\/2023\/10\/Optimal_Banners_commercial-disputes-and-litigation.jpg\" \/>\n\t<meta property=\"og:image:width\" content=\"1920\" \/>\n\t<meta property=\"og:image:height\" content=\"1080\" \/>\n\t<meta property=\"og:image:type\" content=\"image\/jpeg\" \/>\n<meta name=\"twitter:card\" content=\"summary_large_image\" \/>\n<meta name=\"twitter:site\" content=\"@OptimalClaim\" \/>\n<script type=\"application\/ld+json\" class=\"yoast-schema-graph\">{\"@context\":\"https:\\\/\\\/schema.org\",\"@graph\":[{\"@type\":\"WebPage\",\"@id\":\"https:\\\/\\\/optimalsolicitors.com\\\/pl\\\/uslugi-dla-firm\\\/spory-handlowe-i-postepowanie-sadowe\\\/\",\"url\":\"https:\\\/\\\/optimalsolicitors.com\\\/pl\\\/uslugi-dla-firm\\\/spory-handlowe-i-postepowanie-sadowe\\\/\",\"name\":\"Spory handlowe i post\u0119powanie s\u0105dowe - Optimal Solicitors\",\"isPartOf\":{\"@id\":\"https:\\\/\\\/optimalsolicitors.com\\\/pl\\\/#website\"},\"datePublished\":\"2023-02-06T09:02:38+00:00\",\"dateModified\":\"2023-10-19T11:18:01+00:00\",\"description\":\"Nieporozumienia w biznesie s\u0105 o wiele bardziej powszechne ni\u017c my\u015blisz. Kiedy co\u015b p\u00f3jdzie nie tak, potrzebujesz prawnika, kt\u00f3remu mo\u017cesz zaufa\u0107\",\"breadcrumb\":{\"@id\":\"https:\\\/\\\/optimalsolicitors.com\\\/pl\\\/uslugi-dla-firm\\\/spory-handlowe-i-postepowanie-sadowe\\\/#breadcrumb\"},\"inLanguage\":\"pl-GB\",\"potentialAction\":[{\"@type\":\"ReadAction\",\"target\":[\"https:\\\/\\\/optimalsolicitors.com\\\/pl\\\/uslugi-dla-firm\\\/spory-handlowe-i-postepowanie-sadowe\\\/\"]}]},{\"@type\":\"BreadcrumbList\",\"@id\":\"https:\\\/\\\/optimalsolicitors.com\\\/pl\\\/uslugi-dla-firm\\\/spory-handlowe-i-postepowanie-sadowe\\\/#breadcrumb\",\"itemListElement\":[{\"@type\":\"ListItem\",\"position\":1,\"name\":\"Home\",\"item\":\"https:\\\/\\\/optimalsolicitors.com\\\/pl\\\/\"},{\"@type\":\"ListItem\",\"position\":2,\"name\":\"Us\u0142ugi dla firm\",\"item\":\"https:\\\/\\\/optimalsolicitors.com\\\/pl\\\/uslugi-dla-firm\\\/\"},{\"@type\":\"ListItem\",\"position\":3,\"name\":\"Spory handlowe i post\u0119powanie s\u0105dowe\"}]},{\"@type\":\"WebSite\",\"@id\":\"https:\\\/\\\/optimalsolicitors.com\\\/pl\\\/#website\",\"url\":\"https:\\\/\\\/optimalsolicitors.com\\\/pl\\\/\",\"name\":\"Optimal Solicitors\",\"description\":\"Speaking the language of law\",\"publisher\":{\"@id\":\"https:\\\/\\\/optimalsolicitors.com\\\/pl\\\/#organization\"},\"potentialAction\":[{\"@type\":\"SearchAction\",\"target\":{\"@type\":\"EntryPoint\",\"urlTemplate\":\"https:\\\/\\\/optimalsolicitors.com\\\/pl\\\/?s={search_term_string}\"},\"query-input\":{\"@type\":\"PropertyValueSpecification\",\"valueRequired\":true,\"valueName\":\"search_term_string\"}}],\"inLanguage\":\"pl-GB\"},{\"@type\":\"Organization\",\"@id\":\"https:\\\/\\\/optimalsolicitors.com\\\/pl\\\/#organization\",\"name\":\"Optimal Solicitors\",\"url\":\"https:\\\/\\\/optimalsolicitors.com\\\/pl\\\/\",\"logo\":{\"@type\":\"ImageObject\",\"inLanguage\":\"pl-GB\",\"@id\":\"https:\\\/\\\/optimalsolicitors.com\\\/pl\\\/#\\\/schema\\\/logo\\\/image\\\/\",\"url\":\"https:\\\/\\\/optimalsolicitors.com\\\/wp-content\\\/uploads\\\/2023\\\/04\\\/logo.svg\",\"contentUrl\":\"https:\\\/\\\/optimalsolicitors.com\\\/wp-content\\\/uploads\\\/2023\\\/04\\\/logo.svg\",\"width\":158,\"height\":80,\"caption\":\"Optimal Solicitors\"},\"image\":{\"@id\":\"https:\\\/\\\/optimalsolicitors.com\\\/pl\\\/#\\\/schema\\\/logo\\\/image\\\/\"},\"sameAs\":[\"https:\\\/\\\/www.facebook.com\\\/optimalsolicitors\\\/\",\"https:\\\/\\\/x.com\\\/OptimalClaim\"]}]}<\/script>\n<!-- \/ Yoast SEO Premium plugin. -->","yoast_head_json":{"title":"Spory handlowe i post\u0119powanie s\u0105dowe - Optimal Solicitors","description":"Nieporozumienia w biznesie s\u0105 o wiele bardziej powszechne ni\u017c my\u015blisz. Kiedy co\u015b p\u00f3jdzie nie tak, potrzebujesz prawnika, kt\u00f3remu mo\u017cesz zaufa\u0107","robots":{"index":"index","follow":"follow","max-snippet":"max-snippet:-1","max-image-preview":"max-image-preview:large","max-video-preview":"max-video-preview:-1"},"canonical":"https:\/\/optimalsolicitors.com\/pl\/uslugi-dla-firm\/spory-handlowe-i-postepowanie-sadowe\/","og_locale":"pl_PL","og_type":"article","og_title":"Spory handlowe i post\u0119powanie s\u0105dowe","og_description":"Nieporozumienia w biznesie s\u0105 o wiele bardziej powszechne ni\u017c my\u015blisz. Kiedy co\u015b p\u00f3jdzie nie tak, potrzebujesz prawnika, kt\u00f3remu mo\u017cesz zaufa\u0107","og_url":"https:\/\/optimalsolicitors.com\/pl\/uslugi-dla-firm\/spory-handlowe-i-postepowanie-sadowe\/","og_site_name":"Optimal Solicitors","article_publisher":"https:\/\/www.facebook.com\/optimalsolicitors\/","article_modified_time":"2023-10-19T11:18:01+00:00","og_image":[{"width":1920,"height":1080,"url":"https:\/\/optimalsolicitors.com\/wp-content\/uploads\/2023\/10\/Optimal_Banners_commercial-disputes-and-litigation.jpg","type":"image\/jpeg"}],"twitter_card":"summary_large_image","twitter_site":"@OptimalClaim","schema":{"@context":"https:\/\/schema.org","@graph":[{"@type":"WebPage","@id":"https:\/\/optimalsolicitors.com\/pl\/uslugi-dla-firm\/spory-handlowe-i-postepowanie-sadowe\/","url":"https:\/\/optimalsolicitors.com\/pl\/uslugi-dla-firm\/spory-handlowe-i-postepowanie-sadowe\/","name":"Spory handlowe i post\u0119powanie s\u0105dowe - Optimal Solicitors","isPartOf":{"@id":"https:\/\/optimalsolicitors.com\/pl\/#website"},"datePublished":"2023-02-06T09:02:38+00:00","dateModified":"2023-10-19T11:18:01+00:00","description":"Nieporozumienia w biznesie s\u0105 o wiele bardziej powszechne ni\u017c my\u015blisz. Kiedy co\u015b p\u00f3jdzie nie tak, potrzebujesz prawnika, kt\u00f3remu mo\u017cesz zaufa\u0107","breadcrumb":{"@id":"https:\/\/optimalsolicitors.com\/pl\/uslugi-dla-firm\/spory-handlowe-i-postepowanie-sadowe\/#breadcrumb"},"inLanguage":"pl-GB","potentialAction":[{"@type":"ReadAction","target":["https:\/\/optimalsolicitors.com\/pl\/uslugi-dla-firm\/spory-handlowe-i-postepowanie-sadowe\/"]}]},{"@type":"BreadcrumbList","@id":"https:\/\/optimalsolicitors.com\/pl\/uslugi-dla-firm\/spory-handlowe-i-postepowanie-sadowe\/#breadcrumb","itemListElement":[{"@type":"ListItem","position":1,"name":"Home","item":"https:\/\/optimalsolicitors.com\/pl\/"},{"@type":"ListItem","position":2,"name":"Us\u0142ugi dla firm","item":"https:\/\/optimalsolicitors.com\/pl\/uslugi-dla-firm\/"},{"@type":"ListItem","position":3,"name":"Spory handlowe i post\u0119powanie s\u0105dowe"}]},{"@type":"WebSite","@id":"https:\/\/optimalsolicitors.com\/pl\/#website","url":"https:\/\/optimalsolicitors.com\/pl\/","name":"Optimal Solicitors","description":"Speaking the language of law","publisher":{"@id":"https:\/\/optimalsolicitors.com\/pl\/#organization"},"potentialAction":[{"@type":"SearchAction","target":{"@type":"EntryPoint","urlTemplate":"https:\/\/optimalsolicitors.com\/pl\/?s={search_term_string}"},"query-input":{"@type":"PropertyValueSpecification","valueRequired":true,"valueName":"search_term_string"}}],"inLanguage":"pl-GB"},{"@type":"Organization","@id":"https:\/\/optimalsolicitors.com\/pl\/#organization","name":"Optimal Solicitors","url":"https:\/\/optimalsolicitors.com\/pl\/","logo":{"@type":"ImageObject","inLanguage":"pl-GB","@id":"https:\/\/optimalsolicitors.com\/pl\/#\/schema\/logo\/image\/","url":"https:\/\/optimalsolicitors.com\/wp-content\/uploads\/2023\/04\/logo.svg","contentUrl":"https:\/\/optimalsolicitors.com\/wp-content\/uploads\/2023\/04\/logo.svg","width":158,"height":80,"caption":"Optimal Solicitors"},"image":{"@id":"https:\/\/optimalsolicitors.com\/pl\/#\/schema\/logo\/image\/"},"sameAs":["https:\/\/www.facebook.com\/optimalsolicitors\/","https:\/\/x.com\/OptimalClaim"]}]}},"acf":[],"_links":{"self":[{"href":"https:\/\/optimalsolicitors.com\/pl\/wp-json\/wp\/v2\/pages\/4844","targetHints":{"allow":["GET"]}}],"collection":[{"href":"https:\/\/optimalsolicitors.com\/pl\/wp-json\/wp\/v2\/pages"}],"about":[{"href":"https:\/\/optimalsolicitors.com\/pl\/wp-json\/wp\/v2\/types\/page"}],"author":[{"embeddable":true,"href":"https:\/\/optimalsolicitors.com\/pl\/wp-json\/wp\/v2\/users\/2"}],"replies":[{"embeddable":true,"href":"https:\/\/optimalsolicitors.com\/pl\/wp-json\/wp\/v2\/comments?post=4844"}],"version-history":[{"count":6,"href":"https:\/\/optimalsolicitors.com\/pl\/wp-json\/wp\/v2\/pages\/4844\/revisions"}],"predecessor-version":[{"id":5668,"href":"https:\/\/optimalsolicitors.com\/pl\/wp-json\/wp\/v2\/pages\/4844\/revisions\/5668"}],"up":[{"embeddable":true,"href":"https:\/\/optimalsolicitors.com\/pl\/wp-json\/wp\/v2\/pages\/4256"}],"wp:attachment":[{"href":"https:\/\/optimalsolicitors.com\/pl\/wp-json\/wp\/v2\/media?parent=4844"}],"curies":[{"name":"wp","href":"https:\/\/api.w.org\/{rel}","templated":true}]}}