{"id":4264,"date":"2021-06-23T13:09:48","date_gmt":"2021-06-23T12:09:48","guid":{"rendered":"https:\/\/optimalsolicitors.kinsta.cloud\/uslugi-dla-firm\/employment-law\/"},"modified":"2023-10-19T12:19:52","modified_gmt":"2023-10-19T11:19:52","slug":"zatrudnienie","status":"publish","type":"page","link":"https:\/\/optimalsolicitors.com\/pl\/uslugi-dla-firm\/zatrudnienie\/","title":{"rendered":"Zatrudnienie"},"content":{"rendered":"","protected":false},"excerpt":{"rendered":"","protected":false},"author":12,"featured_media":0,"parent":4256,"menu_order":0,"comment_status":"closed","ping_status":"closed","template":"views\/subservice.blade.php","meta":{"footnotes":""},"class_list":["post-4264","page","type-page","status-publish","hentry"],"yoast_head":"<!-- This site is optimized with the Yoast SEO Premium plugin v27.3 (Yoast SEO v27.3) - https:\/\/yoast.com\/product\/yoast-seo-premium-wordpress\/ -->\n<title>Porady z zakresu prawa pracy i zatrudnienia dla pracodawc\u00f3w<\/title>\n<meta name=\"description\" content=\"Nasi prawnicy sporz\u0105dz\u0105 kompleksowe umowy o prac\u0119 dla ka\u017cdego nowo zatrudnionego lub ju\u017c zatrudnionego pracownika.\" \/>\n<meta name=\"robots\" content=\"index, follow, max-snippet:-1, max-image-preview:large, max-video-preview:-1\" \/>\n<link rel=\"canonical\" href=\"https:\/\/optimalsolicitors.com\/pl\/uslugi-dla-firm\/zatrudnienie\/\" \/>\n<meta property=\"og:locale\" content=\"pl_PL\" \/>\n<meta property=\"og:type\" content=\"article\" \/>\n<meta property=\"og:title\" content=\"Zatrudnienie\" \/>\n<meta property=\"og:description\" content=\"Nasi prawnicy sporz\u0105dz\u0105 kompleksowe umowy o prac\u0119 dla ka\u017cdego nowo zatrudnionego lub ju\u017c zatrudnionego pracownika.\" \/>\n<meta property=\"og:url\" content=\"https:\/\/optimalsolicitors.com\/pl\/uslugi-dla-firm\/zatrudnienie\/\" \/>\n<meta property=\"og:site_name\" content=\"Optimal Solicitors\" \/>\n<meta property=\"article:publisher\" content=\"https:\/\/www.facebook.com\/optimalsolicitors\/\" \/>\n<meta property=\"article:modified_time\" content=\"2023-10-19T11:19:52+00:00\" \/>\n<meta property=\"og:image\" content=\"https:\/\/optimalsolicitors.com\/wp-content\/uploads\/2023\/10\/Optimal_Banners_employment-law.jpg\" \/>\n\t<meta property=\"og:image:width\" content=\"1920\" \/>\n\t<meta property=\"og:image:height\" content=\"1080\" \/>\n\t<meta property=\"og:image:type\" content=\"image\/jpeg\" \/>\n<meta name=\"twitter:card\" content=\"summary_large_image\" \/>\n<meta name=\"twitter:site\" content=\"@OptimalClaim\" \/>\n<script type=\"application\/ld+json\" class=\"yoast-schema-graph\">{\"@context\":\"https:\\\/\\\/schema.org\",\"@graph\":[{\"@type\":\"WebPage\",\"@id\":\"https:\\\/\\\/optimalsolicitors.com\\\/pl\\\/uslugi-dla-firm\\\/zatrudnienie\\\/\",\"url\":\"https:\\\/\\\/optimalsolicitors.com\\\/pl\\\/uslugi-dla-firm\\\/zatrudnienie\\\/\",\"name\":\"Porady z zakresu prawa pracy i zatrudnienia dla pracodawc\u00f3w\",\"isPartOf\":{\"@id\":\"https:\\\/\\\/optimalsolicitors.com\\\/pl\\\/#website\"},\"datePublished\":\"2021-06-23T12:09:48+00:00\",\"dateModified\":\"2023-10-19T11:19:52+00:00\",\"description\":\"Nasi prawnicy sporz\u0105dz\u0105 kompleksowe umowy o prac\u0119 dla ka\u017cdego nowo zatrudnionego lub ju\u017c zatrudnionego pracownika.\",\"breadcrumb\":{\"@id\":\"https:\\\/\\\/optimalsolicitors.com\\\/pl\\\/uslugi-dla-firm\\\/zatrudnienie\\\/#breadcrumb\"},\"inLanguage\":\"pl-GB\",\"potentialAction\":[{\"@type\":\"ReadAction\",\"target\":[\"https:\\\/\\\/optimalsolicitors.com\\\/pl\\\/uslugi-dla-firm\\\/zatrudnienie\\\/\"]}]},{\"@type\":\"BreadcrumbList\",\"@id\":\"https:\\\/\\\/optimalsolicitors.com\\\/pl\\\/uslugi-dla-firm\\\/zatrudnienie\\\/#breadcrumb\",\"itemListElement\":[{\"@type\":\"ListItem\",\"position\":1,\"name\":\"Home\",\"item\":\"https:\\\/\\\/optimalsolicitors.com\\\/pl\\\/\"},{\"@type\":\"ListItem\",\"position\":2,\"name\":\"Us\u0142ugi dla firm\",\"item\":\"https:\\\/\\\/optimalsolicitors.com\\\/pl\\\/uslugi-dla-firm\\\/\"},{\"@type\":\"ListItem\",\"position\":3,\"name\":\"Zatrudnienie\"}]},{\"@type\":\"WebSite\",\"@id\":\"https:\\\/\\\/optimalsolicitors.com\\\/pl\\\/#website\",\"url\":\"https:\\\/\\\/optimalsolicitors.com\\\/pl\\\/\",\"name\":\"Optimal Solicitors\",\"description\":\"Speaking the language of law\",\"publisher\":{\"@id\":\"https:\\\/\\\/optimalsolicitors.com\\\/pl\\\/#organization\"},\"potentialAction\":[{\"@type\":\"SearchAction\",\"target\":{\"@type\":\"EntryPoint\",\"urlTemplate\":\"https:\\\/\\\/optimalsolicitors.com\\\/pl\\\/?s={search_term_string}\"},\"query-input\":{\"@type\":\"PropertyValueSpecification\",\"valueRequired\":true,\"valueName\":\"search_term_string\"}}],\"inLanguage\":\"pl-GB\"},{\"@type\":\"Organization\",\"@id\":\"https:\\\/\\\/optimalsolicitors.com\\\/pl\\\/#organization\",\"name\":\"Optimal Solicitors\",\"url\":\"https:\\\/\\\/optimalsolicitors.com\\\/pl\\\/\",\"logo\":{\"@type\":\"ImageObject\",\"inLanguage\":\"pl-GB\",\"@id\":\"https:\\\/\\\/optimalsolicitors.com\\\/pl\\\/#\\\/schema\\\/logo\\\/image\\\/\",\"url\":\"https:\\\/\\\/optimalsolicitors.com\\\/wp-content\\\/uploads\\\/2023\\\/04\\\/logo.svg\",\"contentUrl\":\"https:\\\/\\\/optimalsolicitors.com\\\/wp-content\\\/uploads\\\/2023\\\/04\\\/logo.svg\",\"width\":158,\"height\":80,\"caption\":\"Optimal Solicitors\"},\"image\":{\"@id\":\"https:\\\/\\\/optimalsolicitors.com\\\/pl\\\/#\\\/schema\\\/logo\\\/image\\\/\"},\"sameAs\":[\"https:\\\/\\\/www.facebook.com\\\/optimalsolicitors\\\/\",\"https:\\\/\\\/x.com\\\/OptimalClaim\"]}]}<\/script>\n<!-- \/ Yoast SEO Premium plugin. -->","yoast_head_json":{"title":"Porady z zakresu prawa pracy i zatrudnienia dla pracodawc\u00f3w","description":"Nasi prawnicy sporz\u0105dz\u0105 kompleksowe umowy o prac\u0119 dla ka\u017cdego nowo zatrudnionego lub ju\u017c zatrudnionego pracownika.","robots":{"index":"index","follow":"follow","max-snippet":"max-snippet:-1","max-image-preview":"max-image-preview:large","max-video-preview":"max-video-preview:-1"},"canonical":"https:\/\/optimalsolicitors.com\/pl\/uslugi-dla-firm\/zatrudnienie\/","og_locale":"pl_PL","og_type":"article","og_title":"Zatrudnienie","og_description":"Nasi prawnicy sporz\u0105dz\u0105 kompleksowe umowy o prac\u0119 dla ka\u017cdego nowo zatrudnionego lub ju\u017c zatrudnionego pracownika.","og_url":"https:\/\/optimalsolicitors.com\/pl\/uslugi-dla-firm\/zatrudnienie\/","og_site_name":"Optimal Solicitors","article_publisher":"https:\/\/www.facebook.com\/optimalsolicitors\/","article_modified_time":"2023-10-19T11:19:52+00:00","og_image":[{"width":1920,"height":1080,"url":"https:\/\/optimalsolicitors.com\/wp-content\/uploads\/2023\/10\/Optimal_Banners_employment-law.jpg","type":"image\/jpeg"}],"twitter_card":"summary_large_image","twitter_site":"@OptimalClaim","schema":{"@context":"https:\/\/schema.org","@graph":[{"@type":"WebPage","@id":"https:\/\/optimalsolicitors.com\/pl\/uslugi-dla-firm\/zatrudnienie\/","url":"https:\/\/optimalsolicitors.com\/pl\/uslugi-dla-firm\/zatrudnienie\/","name":"Porady z zakresu prawa pracy i zatrudnienia dla pracodawc\u00f3w","isPartOf":{"@id":"https:\/\/optimalsolicitors.com\/pl\/#website"},"datePublished":"2021-06-23T12:09:48+00:00","dateModified":"2023-10-19T11:19:52+00:00","description":"Nasi prawnicy sporz\u0105dz\u0105 kompleksowe umowy o prac\u0119 dla ka\u017cdego nowo zatrudnionego lub ju\u017c zatrudnionego pracownika.","breadcrumb":{"@id":"https:\/\/optimalsolicitors.com\/pl\/uslugi-dla-firm\/zatrudnienie\/#breadcrumb"},"inLanguage":"pl-GB","potentialAction":[{"@type":"ReadAction","target":["https:\/\/optimalsolicitors.com\/pl\/uslugi-dla-firm\/zatrudnienie\/"]}]},{"@type":"BreadcrumbList","@id":"https:\/\/optimalsolicitors.com\/pl\/uslugi-dla-firm\/zatrudnienie\/#breadcrumb","itemListElement":[{"@type":"ListItem","position":1,"name":"Home","item":"https:\/\/optimalsolicitors.com\/pl\/"},{"@type":"ListItem","position":2,"name":"Us\u0142ugi dla firm","item":"https:\/\/optimalsolicitors.com\/pl\/uslugi-dla-firm\/"},{"@type":"ListItem","position":3,"name":"Zatrudnienie"}]},{"@type":"WebSite","@id":"https:\/\/optimalsolicitors.com\/pl\/#website","url":"https:\/\/optimalsolicitors.com\/pl\/","name":"Optimal Solicitors","description":"Speaking the language of law","publisher":{"@id":"https:\/\/optimalsolicitors.com\/pl\/#organization"},"potentialAction":[{"@type":"SearchAction","target":{"@type":"EntryPoint","urlTemplate":"https:\/\/optimalsolicitors.com\/pl\/?s={search_term_string}"},"query-input":{"@type":"PropertyValueSpecification","valueRequired":true,"valueName":"search_term_string"}}],"inLanguage":"pl-GB"},{"@type":"Organization","@id":"https:\/\/optimalsolicitors.com\/pl\/#organization","name":"Optimal Solicitors","url":"https:\/\/optimalsolicitors.com\/pl\/","logo":{"@type":"ImageObject","inLanguage":"pl-GB","@id":"https:\/\/optimalsolicitors.com\/pl\/#\/schema\/logo\/image\/","url":"https:\/\/optimalsolicitors.com\/wp-content\/uploads\/2023\/04\/logo.svg","contentUrl":"https:\/\/optimalsolicitors.com\/wp-content\/uploads\/2023\/04\/logo.svg","width":158,"height":80,"caption":"Optimal Solicitors"},"image":{"@id":"https:\/\/optimalsolicitors.com\/pl\/#\/schema\/logo\/image\/"},"sameAs":["https:\/\/www.facebook.com\/optimalsolicitors\/","https:\/\/x.com\/OptimalClaim"]}]}},"acf":[],"_links":{"self":[{"href":"https:\/\/optimalsolicitors.com\/pl\/wp-json\/wp\/v2\/pages\/4264","targetHints":{"allow":["GET"]}}],"collection":[{"href":"https:\/\/optimalsolicitors.com\/pl\/wp-json\/wp\/v2\/pages"}],"about":[{"href":"https:\/\/optimalsolicitors.com\/pl\/wp-json\/wp\/v2\/types\/page"}],"author":[{"embeddable":true,"href":"https:\/\/optimalsolicitors.com\/pl\/wp-json\/wp\/v2\/users\/12"}],"replies":[{"embeddable":true,"href":"https:\/\/optimalsolicitors.com\/pl\/wp-json\/wp\/v2\/comments?post=4264"}],"version-history":[{"count":3,"href":"https:\/\/optimalsolicitors.com\/pl\/wp-json\/wp\/v2\/pages\/4264\/revisions"}],"predecessor-version":[{"id":5679,"href":"https:\/\/optimalsolicitors.com\/pl\/wp-json\/wp\/v2\/pages\/4264\/revisions\/5679"}],"up":[{"embeddable":true,"href":"https:\/\/optimalsolicitors.com\/pl\/wp-json\/wp\/v2\/pages\/4256"}],"wp:attachment":[{"href":"https:\/\/optimalsolicitors.com\/pl\/wp-json\/wp\/v2\/media?parent=4264"}],"curies":[{"name":"wp","href":"https:\/\/api.w.org\/{rel}","templated":true}]}}