{"id":4260,"date":"2021-06-23T12:56:43","date_gmt":"2021-06-23T11:56:43","guid":{"rendered":"https:\/\/optimalsolicitors.kinsta.cloud\/uslugi-dla-firm\/company-formation\/"},"modified":"2023-10-19T12:19:00","modified_gmt":"2023-10-19T11:19:00","slug":"zakladanie-firmy","status":"publish","type":"page","link":"https:\/\/optimalsolicitors.com\/pl\/uslugi-dla-firm\/zakladanie-firmy\/","title":{"rendered":"Zak\u0142adanie firmy"},"content":{"rendered":"","protected":false},"excerpt":{"rendered":"","protected":false},"author":12,"featured_media":0,"parent":4256,"menu_order":0,"comment_status":"closed","ping_status":"closed","template":"views\/subservice.blade.php","meta":{"footnotes":""},"class_list":["post-4260","page","type-page","status-publish","hentry"],"yoast_head":"<!-- This site is optimized with the Yoast SEO Premium plugin v27.3 (Yoast SEO v27.3) - https:\/\/yoast.com\/product\/yoast-seo-premium-wordpress\/ -->\n<title>Za\u0142\u00f3\u017c firm\u0119 w UK i odne\u015b sukces z Optimal Soliciors<\/title>\n<meta name=\"description\" content=\"Nasza wiedza na temat zak\u0142ania firmy w UK, przygotowywania um\u00f3w handlowych i transakcji korporacyjnych pomag\u0105 Ci odnie\u015b\u0107 sukces\" \/>\n<meta name=\"robots\" content=\"index, follow, max-snippet:-1, max-image-preview:large, max-video-preview:-1\" \/>\n<link rel=\"canonical\" href=\"https:\/\/optimalsolicitors.com\/pl\/uslugi-dla-firm\/zakladanie-firmy\/\" \/>\n<meta property=\"og:locale\" content=\"pl_PL\" \/>\n<meta property=\"og:type\" content=\"article\" \/>\n<meta property=\"og:title\" content=\"Zak\u0142adanie firmy\" \/>\n<meta property=\"og:description\" content=\"Nasza wiedza na temat zak\u0142ania firmy w UK, przygotowywania um\u00f3w handlowych i transakcji korporacyjnych pomag\u0105 Ci odnie\u015b\u0107 sukces\" \/>\n<meta property=\"og:url\" content=\"https:\/\/optimalsolicitors.com\/pl\/uslugi-dla-firm\/zakladanie-firmy\/\" \/>\n<meta property=\"og:site_name\" content=\"Optimal Solicitors\" \/>\n<meta property=\"article:publisher\" content=\"https:\/\/www.facebook.com\/optimalsolicitors\/\" \/>\n<meta property=\"article:modified_time\" content=\"2023-10-19T11:19:00+00:00\" \/>\n<meta property=\"og:image\" content=\"https:\/\/optimalsolicitors.com\/wp-content\/uploads\/2023\/10\/Optimal_Banners_company-formation.jpg\" \/>\n\t<meta property=\"og:image:width\" content=\"1920\" \/>\n\t<meta property=\"og:image:height\" content=\"1080\" \/>\n\t<meta property=\"og:image:type\" content=\"image\/jpeg\" \/>\n<meta name=\"twitter:card\" content=\"summary_large_image\" \/>\n<meta name=\"twitter:site\" content=\"@OptimalClaim\" \/>\n<script type=\"application\/ld+json\" class=\"yoast-schema-graph\">{\"@context\":\"https:\\\/\\\/schema.org\",\"@graph\":[{\"@type\":\"WebPage\",\"@id\":\"https:\\\/\\\/optimalsolicitors.com\\\/pl\\\/uslugi-dla-firm\\\/zakladanie-firmy\\\/\",\"url\":\"https:\\\/\\\/optimalsolicitors.com\\\/pl\\\/uslugi-dla-firm\\\/zakladanie-firmy\\\/\",\"name\":\"Za\u0142\u00f3\u017c firm\u0119 w UK i odne\u015b sukces z Optimal Soliciors\",\"isPartOf\":{\"@id\":\"https:\\\/\\\/optimalsolicitors.com\\\/pl\\\/#website\"},\"datePublished\":\"2021-06-23T11:56:43+00:00\",\"dateModified\":\"2023-10-19T11:19:00+00:00\",\"description\":\"Nasza wiedza na temat zak\u0142ania firmy w UK, przygotowywania um\u00f3w handlowych i transakcji korporacyjnych pomag\u0105 Ci odnie\u015b\u0107 sukces\",\"breadcrumb\":{\"@id\":\"https:\\\/\\\/optimalsolicitors.com\\\/pl\\\/uslugi-dla-firm\\\/zakladanie-firmy\\\/#breadcrumb\"},\"inLanguage\":\"pl-GB\",\"potentialAction\":[{\"@type\":\"ReadAction\",\"target\":[\"https:\\\/\\\/optimalsolicitors.com\\\/pl\\\/uslugi-dla-firm\\\/zakladanie-firmy\\\/\"]}]},{\"@type\":\"BreadcrumbList\",\"@id\":\"https:\\\/\\\/optimalsolicitors.com\\\/pl\\\/uslugi-dla-firm\\\/zakladanie-firmy\\\/#breadcrumb\",\"itemListElement\":[{\"@type\":\"ListItem\",\"position\":1,\"name\":\"Home\",\"item\":\"https:\\\/\\\/optimalsolicitors.com\\\/pl\\\/\"},{\"@type\":\"ListItem\",\"position\":2,\"name\":\"Us\u0142ugi dla firm\",\"item\":\"https:\\\/\\\/optimalsolicitors.com\\\/pl\\\/uslugi-dla-firm\\\/\"},{\"@type\":\"ListItem\",\"position\":3,\"name\":\"Zak\u0142adanie firmy\"}]},{\"@type\":\"WebSite\",\"@id\":\"https:\\\/\\\/optimalsolicitors.com\\\/pl\\\/#website\",\"url\":\"https:\\\/\\\/optimalsolicitors.com\\\/pl\\\/\",\"name\":\"Optimal Solicitors\",\"description\":\"Speaking the language of law\",\"publisher\":{\"@id\":\"https:\\\/\\\/optimalsolicitors.com\\\/pl\\\/#organization\"},\"potentialAction\":[{\"@type\":\"SearchAction\",\"target\":{\"@type\":\"EntryPoint\",\"urlTemplate\":\"https:\\\/\\\/optimalsolicitors.com\\\/pl\\\/?s={search_term_string}\"},\"query-input\":{\"@type\":\"PropertyValueSpecification\",\"valueRequired\":true,\"valueName\":\"search_term_string\"}}],\"inLanguage\":\"pl-GB\"},{\"@type\":\"Organization\",\"@id\":\"https:\\\/\\\/optimalsolicitors.com\\\/pl\\\/#organization\",\"name\":\"Optimal Solicitors\",\"url\":\"https:\\\/\\\/optimalsolicitors.com\\\/pl\\\/\",\"logo\":{\"@type\":\"ImageObject\",\"inLanguage\":\"pl-GB\",\"@id\":\"https:\\\/\\\/optimalsolicitors.com\\\/pl\\\/#\\\/schema\\\/logo\\\/image\\\/\",\"url\":\"https:\\\/\\\/optimalsolicitors.com\\\/wp-content\\\/uploads\\\/2023\\\/04\\\/logo.svg\",\"contentUrl\":\"https:\\\/\\\/optimalsolicitors.com\\\/wp-content\\\/uploads\\\/2023\\\/04\\\/logo.svg\",\"width\":158,\"height\":80,\"caption\":\"Optimal Solicitors\"},\"image\":{\"@id\":\"https:\\\/\\\/optimalsolicitors.com\\\/pl\\\/#\\\/schema\\\/logo\\\/image\\\/\"},\"sameAs\":[\"https:\\\/\\\/www.facebook.com\\\/optimalsolicitors\\\/\",\"https:\\\/\\\/x.com\\\/OptimalClaim\"]}]}<\/script>\n<!-- \/ Yoast SEO Premium plugin. -->","yoast_head_json":{"title":"Za\u0142\u00f3\u017c firm\u0119 w UK i odne\u015b sukces z Optimal Soliciors","description":"Nasza wiedza na temat zak\u0142ania firmy w UK, przygotowywania um\u00f3w handlowych i transakcji korporacyjnych pomag\u0105 Ci odnie\u015b\u0107 sukces","robots":{"index":"index","follow":"follow","max-snippet":"max-snippet:-1","max-image-preview":"max-image-preview:large","max-video-preview":"max-video-preview:-1"},"canonical":"https:\/\/optimalsolicitors.com\/pl\/uslugi-dla-firm\/zakladanie-firmy\/","og_locale":"pl_PL","og_type":"article","og_title":"Zak\u0142adanie firmy","og_description":"Nasza wiedza na temat zak\u0142ania firmy w UK, przygotowywania um\u00f3w handlowych i transakcji korporacyjnych pomag\u0105 Ci odnie\u015b\u0107 sukces","og_url":"https:\/\/optimalsolicitors.com\/pl\/uslugi-dla-firm\/zakladanie-firmy\/","og_site_name":"Optimal Solicitors","article_publisher":"https:\/\/www.facebook.com\/optimalsolicitors\/","article_modified_time":"2023-10-19T11:19:00+00:00","og_image":[{"width":1920,"height":1080,"url":"https:\/\/optimalsolicitors.com\/wp-content\/uploads\/2023\/10\/Optimal_Banners_company-formation.jpg","type":"image\/jpeg"}],"twitter_card":"summary_large_image","twitter_site":"@OptimalClaim","schema":{"@context":"https:\/\/schema.org","@graph":[{"@type":"WebPage","@id":"https:\/\/optimalsolicitors.com\/pl\/uslugi-dla-firm\/zakladanie-firmy\/","url":"https:\/\/optimalsolicitors.com\/pl\/uslugi-dla-firm\/zakladanie-firmy\/","name":"Za\u0142\u00f3\u017c firm\u0119 w UK i odne\u015b sukces z Optimal Soliciors","isPartOf":{"@id":"https:\/\/optimalsolicitors.com\/pl\/#website"},"datePublished":"2021-06-23T11:56:43+00:00","dateModified":"2023-10-19T11:19:00+00:00","description":"Nasza wiedza na temat zak\u0142ania firmy w UK, przygotowywania um\u00f3w handlowych i transakcji korporacyjnych pomag\u0105 Ci odnie\u015b\u0107 sukces","breadcrumb":{"@id":"https:\/\/optimalsolicitors.com\/pl\/uslugi-dla-firm\/zakladanie-firmy\/#breadcrumb"},"inLanguage":"pl-GB","potentialAction":[{"@type":"ReadAction","target":["https:\/\/optimalsolicitors.com\/pl\/uslugi-dla-firm\/zakladanie-firmy\/"]}]},{"@type":"BreadcrumbList","@id":"https:\/\/optimalsolicitors.com\/pl\/uslugi-dla-firm\/zakladanie-firmy\/#breadcrumb","itemListElement":[{"@type":"ListItem","position":1,"name":"Home","item":"https:\/\/optimalsolicitors.com\/pl\/"},{"@type":"ListItem","position":2,"name":"Us\u0142ugi dla firm","item":"https:\/\/optimalsolicitors.com\/pl\/uslugi-dla-firm\/"},{"@type":"ListItem","position":3,"name":"Zak\u0142adanie firmy"}]},{"@type":"WebSite","@id":"https:\/\/optimalsolicitors.com\/pl\/#website","url":"https:\/\/optimalsolicitors.com\/pl\/","name":"Optimal Solicitors","description":"Speaking the language of law","publisher":{"@id":"https:\/\/optimalsolicitors.com\/pl\/#organization"},"potentialAction":[{"@type":"SearchAction","target":{"@type":"EntryPoint","urlTemplate":"https:\/\/optimalsolicitors.com\/pl\/?s={search_term_string}"},"query-input":{"@type":"PropertyValueSpecification","valueRequired":true,"valueName":"search_term_string"}}],"inLanguage":"pl-GB"},{"@type":"Organization","@id":"https:\/\/optimalsolicitors.com\/pl\/#organization","name":"Optimal Solicitors","url":"https:\/\/optimalsolicitors.com\/pl\/","logo":{"@type":"ImageObject","inLanguage":"pl-GB","@id":"https:\/\/optimalsolicitors.com\/pl\/#\/schema\/logo\/image\/","url":"https:\/\/optimalsolicitors.com\/wp-content\/uploads\/2023\/04\/logo.svg","contentUrl":"https:\/\/optimalsolicitors.com\/wp-content\/uploads\/2023\/04\/logo.svg","width":158,"height":80,"caption":"Optimal Solicitors"},"image":{"@id":"https:\/\/optimalsolicitors.com\/pl\/#\/schema\/logo\/image\/"},"sameAs":["https:\/\/www.facebook.com\/optimalsolicitors\/","https:\/\/x.com\/OptimalClaim"]}]}},"acf":[],"_links":{"self":[{"href":"https:\/\/optimalsolicitors.com\/pl\/wp-json\/wp\/v2\/pages\/4260","targetHints":{"allow":["GET"]}}],"collection":[{"href":"https:\/\/optimalsolicitors.com\/pl\/wp-json\/wp\/v2\/pages"}],"about":[{"href":"https:\/\/optimalsolicitors.com\/pl\/wp-json\/wp\/v2\/types\/page"}],"author":[{"embeddable":true,"href":"https:\/\/optimalsolicitors.com\/pl\/wp-json\/wp\/v2\/users\/12"}],"replies":[{"embeddable":true,"href":"https:\/\/optimalsolicitors.com\/pl\/wp-json\/wp\/v2\/comments?post=4260"}],"version-history":[{"count":4,"href":"https:\/\/optimalsolicitors.com\/pl\/wp-json\/wp\/v2\/pages\/4260\/revisions"}],"predecessor-version":[{"id":5672,"href":"https:\/\/optimalsolicitors.com\/pl\/wp-json\/wp\/v2\/pages\/4260\/revisions\/5672"}],"up":[{"embeddable":true,"href":"https:\/\/optimalsolicitors.com\/pl\/wp-json\/wp\/v2\/pages\/4256"}],"wp:attachment":[{"href":"https:\/\/optimalsolicitors.com\/pl\/wp-json\/wp\/v2\/media?parent=4260"}],"curies":[{"name":"wp","href":"https:\/\/api.w.org\/{rel}","templated":true}]}}