{"id":3619,"date":"2021-06-28T17:21:30","date_gmt":"2021-06-28T16:21:30","guid":{"rendered":"http:\/\/optimalsolicitors.kinsta.cloud\/pricing\/"},"modified":"2024-11-14T15:51:22","modified_gmt":"2024-11-14T15:51:22","slug":"pricing","status":"publish","type":"page","link":"https:\/\/optimalsolicitors.com\/pl\/pricing\/","title":{"rendered":"Pricing"},"content":{"rendered":"<p>&nbsp;<\/p>\n<p>Okre\u015blenie Koszt\u00f3w<\/p>\n<p>W Optimal Solicitors cenimy sobie naszych r\u00f3\u017cnorodnych klient\u00f3w i jeste\u015bmy zdecydowani dostarcza\u0107 szybkie, pragmatyczne i skoncentrowane na rozwi\u0105zaniach porady prawne w przyst\u0119pnej cenie.<\/p>\n<p>Rozumiemy, \u017ce kwestia koszt\u00f3w zwi\u0105zanych z zatrudnieniem prawnik\u00f3w mo\u017ce by\u0107 dla wielu zniech\u0119caj\u0105ca. Naszym g\u0142\u00f3wnym celem jest dostarczenie us\u0142ug najwy\u017cszej jako\u015bci, spe\u0142niaj\u0105c jednocze\u015bnie oczekiwania naszych klient\u00f3w.<\/p>\n<p>Stawiamy na pe\u0142n\u0105 przejrzysto\u015b\u0107 op\u0142at od pierwszego kontaktu, umo\u017cliwiaj\u0105c klientom wyb\u00f3r us\u0142ug najbardziej odpowiadaj\u0105cych ich potrzebom. W zale\u017cno\u015bci od charakteru powierzonej nam sprawy, oferujemy umowy &#8220;No win No fee&#8221; (bez op\u0142at do momentu wygranej sprawy), &#8220;Fixed fee&#8221; (sta\u0142a op\u0142ata) lub op\u0142aty godzinowe.<\/p>\n<p>Dzi\u0119ki temu, mo\u017cemy zaoferowa\u0107 r\u00f3\u017cne opcje finansowania, kt\u00f3re pozwalaj\u0105 naszym klientom na pe\u0142ne zrozumienie naszych op\u0142at. Wszystko zale\u017cy od rodzaju prowadzonej przez nas sprawy. Osoba odpowiedzialna za prowadzenie Twojej sprawy doradzi Ci w zakresie dost\u0119pnych opcji i wyja\u015bni wszystkie szczeg\u00f3\u0142y na ka\u017cdym etapie.<\/p>\n<p>Szczeg\u00f3\u0142owe informacje na temat koszt\u00f3w r\u00f3\u017cnych us\u0142ug znajdziesz poni\u017cej lub na odpowiednich stronach naszej witryny. Prosz\u0119 pami\u0119ta\u0107, \u017ce s\u0105 to og\u00f3lne wytyczne dotycz\u0105ce koszt\u00f3w, kt\u00f3re mog\u0105 wynikn\u0105\u0107 z zlecenia nam us\u0142ugi. Z przyjemno\u015bci\u0105 om\u00f3wimy te kwestie bardziej szczeg\u00f3\u0142owo podczas indywidualnej konsultacji.<\/p>\n<hr \/>\n<p>Pomoc Prawna z Urz\u0119du (Legal Aid)<\/p>\n<p>Obecnie nie posiadamy licencji na \u015bwiadczenie us\u0142ug pomocy prawnej (Legal Aid). W zwi\u0105zku z tym nie mo\u017cemy zaoferowa\u0107 wsparcia w sprawach, kt\u00f3re wymagaj\u0105 finansowania w ramach programu pomocy prawnej. Dost\u0119p do takiej pomocy jest ograniczony do niekt\u00f3rych rodzaj\u00f3w spraw i jest zale\u017cny od sytuacji finansowej wnioskodawcy, czyli dochod\u00f3w i\/lub maj\u0105tku. Wiele os\u00f3b nie kwalifikuje si\u0119 do otrzymania pomocy prawnej z urz\u0119du. Ch\u0119tnie om\u00f3wimy z Tob\u0105 kryteria kwalifikacji.<\/p>\n<hr \/>\n<p>Konsultacje<\/p>\n<p>Oferujemy p\u0142atne konsultacje w wielu dziedzinach prawa. <span data-teams=\"true\"><span class=\"ui-provider a b c d e f g h i j k l m n o p q r s t u v w x y z ab ac ae af ag ah ai aj ak\" dir=\"ltr\">Dla tej us\u0142ugi ceny zaczynaj\u0105 si\u0119 od \u00a3240 (\u00a3200 \u00a0+ VAT),<\/span><\/span>\u00a0co obejmuje maksymalnie godzin\u0119 profesjonalnej obs\u0142ugi, w tym otwarcie akt, przejrzenie wszelkich dokument\u00f3w, zbadanie kluczowych aspekt\u00f3w sprawy, a tak\u017ce udzielenie ustnej i\/lub pisemnej porady.<\/p>\n<p>Nie oferujemy bezp\u0142atnych konsultacji.<\/p>\n<p>&nbsp;<\/p>\n<hr \/>\n<p>&nbsp;<\/p>\n<p><strong><u><br \/>\nZatrudnienie<\/u><\/strong><\/p>\n<p>&nbsp;<\/p>\n<p>Nasz zesp\u00f3\u0142 zbudowa\u0142 dynamiczn\u0105 pozycj\u0119, dzia\u0142aj\u0105c na rzecz szeregu r\u00f3\u017cnych klient\u00f3w ze wszystkich \u015brodowisk, wspieraj\u0105c ich i reprezentuj\u0105c w r\u00f3\u017cnych sporach pracowniczych.<\/p>\n<p>&nbsp;<\/p>\n<p>Doceniamy zaanga\u017cowanie ludzi w ich zatrudnienie i chcemy by\u0107 tam, gdzie pracownicy czuj\u0105, \u017ce ich prawa zosta\u0142y naruszone. Nasz zesp\u00f3\u0142 cieszy si\u0119 zaufaniem i posiada udokumentowane do\u015bwiadczenie w zakresie wspierania naszych klient\u00f3w poprzez udzielanie szybkich, pragmatycznych i skutecznych porad z zakresu prawa pracy.<\/p>\n<p>&nbsp;<\/p>\n<p>W przypadku jakichkolwiek osobistych spraw zwi\u0105zanych z zatrudnieniem mo\u017cemy zaoferowa\u0107 nasz\u0105 wiedz\u0119 specjalistyczn\u0105 w nast\u0119puj\u0105cych kluczowych obszarach i wspiera\u0107 Pa\u0144stwa na ka\u017cdym kroku:<\/p>\n<p>&nbsp;<\/p>\n<p>Niesprawiedliwe \/ bezprawne zwolnienie<\/p>\n<p>Redukcja etat\u00f3w (redundancy)<\/p>\n<p>Porozumienia ugodowe (kompromisowe)<\/p>\n<p>Dyskryminacja<\/p>\n<p>Roszczenia przed Trybuna\u0142em Pracy<\/p>\n<p>Prawa ojcowskie\/macierzy\u0144skie<\/p>\n<p>Prawa pracownicze<\/p>\n<p>&nbsp;<\/p>\n<p><u>Op\u0142aty i finansowanie sprawy<\/u><\/p>\n<p>&nbsp;<\/p>\n<p>Mo\u017cemy doradzi\u0107 w zakresie r\u00f3\u017cnych dost\u0119pnych metod finansowania, kt\u00f3re zale\u017c\u0105 od okoliczno\u015bci danej sprawy. Nasze standardowe op\u0142aty za ten rodzaj pracy wynosz\u0105 200,00 GBP + VAT za godzin\u0119 (240,00 GBP w\u0142\u0105cznie). Prowadzenie sprawy od pocz\u0105tku do ko\u0144ca (pe\u0142na obs\u0142uga) mo\u017ce kosztowa\u0107 od \u00a36.000,00 do \u00a38.000,00 plus VAT (od 7.200,00 GBP do 9.600,00 GBP).\u00a0 W pewnych okoliczno\u015bciach mo\u017cemy by\u0107 w stanie przyj\u0105\u0107 spraw\u0119 na zasadzie &#8221; no-win, no-fee&#8221;, gdzie pobieramy 25% odzyskanego odszkodowania (co obejmuje podatek VAT). Zawsze przeprowadzimy Pa\u0144stwa przez t\u0119 procedur\u0119, gdy po raz pierwszy zdecyduj\u0105 si\u0119 Pa\u0144stwo nas poinstruowa\u0107.<\/p>\n<p>Alternatywnie, mo\u017ce by\u0107 mo\u017cliwe rozdzielenie okre\u015blonych zada\u0144 w sprawie, w przypadku, gdy ju\u017c lub chc\u0105 Pa\u0144stwo zaj\u0105\u0107 si\u0119 spraw\u0105 osobi\u015bcie. Nasze op\u0142aty za rozdzielenie zada\u0144 s\u0105 nast\u0119puj\u0105ce:<\/p>\n<p>&nbsp;<\/p>\n<table class=\"table table-bordered\">\n<tbody>\n<tr>\n<td>Zadanie<\/td>\n<td>Op\u0142ata<\/td>\n<td>VAT<\/td>\n<td>Koszt ca\u0142kowity<\/td>\n<\/tr>\n<tr>\n<td>Konsultacja<\/td>\n<td>\u00a3150.00<\/td>\n<td>\u00a330.00<\/td>\n<td>\u00a3180.00<\/td>\n<\/tr>\n<tr>\n<td>Przygotowanie pisma (w zale\u017cno\u015bci od z\u0142o\u017cono\u015bci)<\/td>\n<td>\u00a3300.00 do \u00a31,000.00<\/td>\n<td>\u00a360.00 do \u00a3200.00<\/td>\n<td>\u00a3360.00 do \u00a31,000.00<\/td>\n<\/tr>\n<tr>\n<td>Szkic formularza ET1 (w zale\u017cno\u015bci od stopnia z\u0142o\u017cono\u015bci)<\/td>\n<td>\u00a3500.00 do \u00a32,000.00<\/td>\n<td>\u00a3100.00 do \u00a3400.00<\/td>\n<td>\u00a3600.00 do \u00a32,400.00<\/td>\n<\/tr>\n<tr>\n<td>Szkic harmonogramu strat (lub zaktualizowany harmonogram)<\/td>\n<td>\u00a3750.00 do \u00a33,000.00<\/td>\n<td>\u00a3150.00 do \u00a3600.00<\/td>\n<td>\u00a3900.00 do \u00a33,600.00<\/td>\n<\/tr>\n<tr>\n<td>(w zale\u017cno\u015bci od z\u0142o\u017cono\u015bci)<\/td>\n<td>\u00a3500.00 do \u00a33,000.00<\/td>\n<td>\u00a3100.00 do \u00a3600.00<\/td>\n<td>\u00a3600.00 do \u00a33,600.00<\/td>\n<\/tr>\n<tr>\n<td>Przygotowanie szkicu zezna\u0144 \u015bwiadk\u00f3w za o\u015bwiadczenie (w zale\u017cno\u015bci od stopnia z\u0142o\u017cono\u015bci)<\/td>\n<td>\u00a3250.00 do \u00a3500.00<\/td>\n<td>\u00a350.00 do \u00a3100.00<\/td>\n<td>\u00a3300.00 do \u00a3600.00<\/td>\n<\/tr>\n<\/tbody>\n<\/table>\n<p>&nbsp;<\/p>\n<p>Takie koszty mog\u0105 zosta\u0107 pokryte z ubezpieczenia ochrony prawnej, takiego jak ubezpieczenie domu.<\/p>\n<p>&nbsp;<\/p>\n<p><u>Dodatkowe op\u0142aty &#8211; wydatki<\/u><\/p>\n<p>S\u0105 to koszty zwi\u0105zane z Pa\u0144stwa spraw\u0105, kt\u00f3re ponosimy w Pa\u0144stwa imieniu na rzecz os\u00f3b trzecich &#8211; w sprawach pracowniczych jest to zazwyczaj wynagrodzenie adwokata lub rzecznika s\u0105du. Nie ponosimy tych koszt\u00f3w bez Pa\u0144stwa zgody, poniewa\u017c to Pa\u0144stwo s\u0105 za nie odpowiedzialni. Powinni\u015bmy podkre\u015bli\u0107, \u017ce zdarza si\u0119 to rzadko, ale kiedy tak si\u0119 stanie, zostanie to om\u00f3wione z Pa\u0144stwem z wyprzedzeniem. Op\u0142aty mog\u0105 waha\u0107 si\u0119 od oko\u0142o 750,00 GBP do 2.000,00 GBP (plus VAT) (\u0142\u0105cznie od 900,00 GBP do 2.400,00 GBP) za dzie\u0144 rozprawy lub jej cz\u0119\u015b\u0107, w zale\u017cno\u015bci od z\u0142o\u017cono\u015bci roszczenia.<\/p>\n<p>&nbsp;<\/p>\n<p><u>Jak d\u0142ugo b\u0119dzie trwa\u0142a sprawa?<\/u><\/p>\n<p>&nbsp;<\/p>\n<p>Czas od przyj\u0119cia wst\u0119pnych instrukcji do ostatecznego rozwi\u0105zania sprawy zale\u017cy od tego, na jakim etapie sprawa mo\u017ce zosta\u0107 rozwi\u0105zana. Je\u015bli ugoda zostanie osi\u0105gni\u0119ta podczas post\u0119powania pojednawczego przed z\u0142o\u017ceniem pozwu, sprawa prawdopodobnie potrwa od jednego do czterech tygodni. Na przyk\u0142ad, sprawa o niesprawiedliwe zwolnienie, kt\u00f3ra przechodzi przez etapy przed roszczeniem, mo\u017ce zaj\u0105\u0107 od czterech do sze\u015bciu tygodni, aby rozstrzygn\u0105\u0107 j\u0105 za po\u015brednictwem procesu wczesnego pojednania ACAS, jednak ugoda za po\u015brednictwem ACAS mo\u017ce nast\u0105pi\u0107 w dowolnym momencie, a\u017c do dnia ostatecznej rozprawy. Je\u015bli roszczenie nie zostanie rozstrzygni\u0119te i dojdzie do ostatecznej rozprawy, mo\u017ce to potrwa\u0107 od sze\u015bciu do 12 miesi\u0119cy, co zawsze zale\u017cy od szybko\u015bci rozpatrzenia sprawy przez S\u0105d Pracy. Jest to tylko szacunek i oczywi\u015bcie b\u0119dziemy w stanie poda\u0107 dok\u0142adniejsze ramy czasowe, gdy uzyskamy wi\u0119cej informacji w miar\u0119 post\u0119pu sprawy.<\/p>\n<p>&nbsp;<\/p>\n<p><u>Kluczowe etapy post\u0119powania<\/u><\/p>\n<p>Op\u0142aty okre\u015blone powy\u017cej (za pe\u0142n\u0105 obs\u0142ug\u0119) obejmuj\u0105 wszystkie prace wymagane na kluczowych etapach roszczenia:<\/p>\n<p>&nbsp;<\/p>\n<p>Przyjmowanie instrukcji, przegl\u0105d dokument\u00f3w i doradztwo w zakresie zasadno\u015bci i prawdopodobnego odszkodowania (jest to stale weryfikowane w miar\u0119 rozwoju sprawy).<\/p>\n<p>Przyst\u0105pienie do wczesnego post\u0119powania pojednawczego ACAS w celu zbadania, czy mo\u017cliwe jest osi\u0105gni\u0119cie ugody<\/p>\n<p>Przygotowanie pozwu lub odpowied\u017a od pracodawcy<\/p>\n<p>Przegl\u0105d i doradztwo w zakresie roszczenia lub odpowied\u017a drugiej strony<\/p>\n<p>Rozwa\u017cenie ugody i negocjowanie jej w trakcie ca\u0142ego procesu<\/p>\n<p>Przygotowanie lub rozwa\u017cenie harmonogramu strat<\/p>\n<p>Przygotowanie i udzia\u0142 w przes\u0142uchaniu wst\u0119pnym<\/p>\n<p>Wymiana dokument\u00f3w z drug\u0105 stron\u0105 i uzgodnienie ich dla pakiet\u00f3w rozprawy<\/p>\n<p>Przyjmowanie i sporz\u0105dzanie zezna\u0144 \u015bwiadk\u00f3w<\/p>\n<p>Przygotowanie pakietu dokument\u00f3w<\/p>\n<p>Przegl\u0105d i doradztwo w zakresie zezna\u0144 \u015bwiadk\u00f3w drugiej strony<\/p>\n<p>Uzgodnienie listy zagadnie\u0144, chronologii, listy spraw i do\u0142\u0105czenie wszelkich dodatkowych dokument\u00f3w<\/p>\n<p>Przygotowanie i\/lub instrukcje na rozpraw\u0119 s\u0105dow\u0105<\/p>\n<p>&nbsp;<\/p>\n<p>Nie wszystkie z powy\u017cszych etap\u00f3w musz\u0105 mie\u0107 zastosowanie do Pa\u0144stwa roszczenia, a koszty prawne mog\u0105 zosta\u0107 obni\u017cone, je\u015bli niekt\u00f3re kroki nie b\u0119d\u0105 konieczne.<\/p>\n<p>&nbsp;<\/p>\n<p><u>Nasz zesp\u00f3\u0142<\/u><\/p>\n<p>&nbsp;<\/p>\n<p><span data-teams=\"true\">Twoj\u0105 spraw\u0105 b\u0119dzie zarz\u0105dza\u0107 nasz adwokat, Preeti Aujayeb. Niekt\u00f3re zadania i obowi\u0105zki administracyjne mog\u0105 by\u0107 wykonywane przez do\u015bwiadczonych asystent\u00f3w dzia\u0142u, takich jak paralegals, kt\u00f3rzy mog\u0105 pomaga\u0107 w Twojej sprawie, ale zawsze b\u0119d\u0105 nadzorowani przez wykwalifikowanych cz\u0142onk\u00f3w zespo\u0142u.<\/span><\/p>\n","protected":false},"excerpt":{"rendered":"<p>&nbsp; Okre\u015blenie Koszt\u00f3w W Optimal Solicitors cenimy sobie naszych r\u00f3\u017cnorodnych klient\u00f3w i jeste\u015bmy zdecydowani dostarcza\u0107 szybkie, pragmatyczne i skoncentrowane na rozwi\u0105zaniach porady prawne w przyst\u0119pnej cenie. Rozumiemy, \u017ce kwestia koszt\u00f3w zwi\u0105zanych z zatrudnieniem prawnik\u00f3w mo\u017ce by\u0107 dla wielu zniech\u0119caj\u0105ca. Naszym g\u0142\u00f3wnym celem jest dostarczenie us\u0142ug najwy\u017cszej jako\u015bci, spe\u0142niaj\u0105c jednocze\u015bnie oczekiwania naszych klient\u00f3w. Stawiamy na pe\u0142n\u0105<\/p>\n<div class=\"read-more\"><a class=\"btn btn-md btn-gold-outline clear\" href=\"https:\/\/optimalsolicitors.com\/pl\/pricing\/\">Read More<\/a><\/div>\n","protected":false},"author":12,"featured_media":0,"parent":0,"menu_order":0,"comment_status":"closed","ping_status":"closed","template":"","meta":{"footnotes":""},"class_list":["post-3619","page","type-page","status-publish","hentry"],"yoast_head":"<!-- This site is optimized with the Yoast SEO Premium plugin v27.3 (Yoast SEO v27.3) - https:\/\/yoast.com\/product\/yoast-seo-premium-wordpress\/ -->\n<title>Legal Services Fees | Conveyancing Fees | Corporate Fees<\/title>\n<meta name=\"description\" content=\"We have a range of legal services fees and funding arrangements, so our prices are clear and competitive prices. Find out how much you\u2019ll pay.\" \/>\n<meta name=\"robots\" content=\"index, follow, max-snippet:-1, max-image-preview:large, max-video-preview:-1\" \/>\n<link rel=\"canonical\" href=\"https:\/\/optimalsolicitors.com\/pl\/pricing\/\" \/>\n<meta property=\"og:locale\" content=\"pl_PL\" \/>\n<meta property=\"og:type\" content=\"article\" \/>\n<meta property=\"og:title\" content=\"Pricing\" \/>\n<meta property=\"og:description\" content=\"We have a range of legal services fees and funding arrangements, so our prices are clear and competitive prices. Find out how much you\u2019ll pay.\" \/>\n<meta property=\"og:url\" content=\"https:\/\/optimalsolicitors.com\/pl\/pricing\/\" \/>\n<meta property=\"og:site_name\" content=\"Optimal Solicitors\" \/>\n<meta property=\"article:publisher\" content=\"https:\/\/www.facebook.com\/optimalsolicitors\/\" \/>\n<meta property=\"article:modified_time\" content=\"2024-11-14T15:51:22+00:00\" \/>\n<meta property=\"og:image\" content=\"https:\/\/optimalsolicitors.com\/wp-content\/uploads\/2023\/10\/remortgage.jpg\" \/>\n\t<meta property=\"og:image:width\" content=\"1920\" \/>\n\t<meta property=\"og:image:height\" content=\"1080\" \/>\n\t<meta property=\"og:image:type\" content=\"image\/jpeg\" \/>\n<meta name=\"twitter:card\" content=\"summary_large_image\" \/>\n<meta name=\"twitter:site\" content=\"@OptimalClaim\" \/>\n<meta name=\"twitter:label1\" content=\"Est. reading time\" \/>\n\t<meta name=\"twitter:data1\" content=\"6 minutes\" \/>\n<script type=\"application\/ld+json\" class=\"yoast-schema-graph\">{\"@context\":\"https:\\\/\\\/schema.org\",\"@graph\":[{\"@type\":\"WebPage\",\"@id\":\"https:\\\/\\\/optimalsolicitors.com\\\/pl\\\/pricing\\\/\",\"url\":\"https:\\\/\\\/optimalsolicitors.com\\\/pl\\\/pricing\\\/\",\"name\":\"Legal Services Fees | Conveyancing Fees | Corporate Fees\",\"isPartOf\":{\"@id\":\"https:\\\/\\\/optimalsolicitors.com\\\/pl\\\/#website\"},\"datePublished\":\"2021-06-28T16:21:30+00:00\",\"dateModified\":\"2024-11-14T15:51:22+00:00\",\"description\":\"We have a range of legal services fees and funding arrangements, so our prices are clear and competitive prices. Find out how much you\u2019ll pay.\",\"breadcrumb\":{\"@id\":\"https:\\\/\\\/optimalsolicitors.com\\\/pl\\\/pricing\\\/#breadcrumb\"},\"inLanguage\":\"pl-GB\",\"potentialAction\":[{\"@type\":\"ReadAction\",\"target\":[\"https:\\\/\\\/optimalsolicitors.com\\\/pl\\\/pricing\\\/\"]}]},{\"@type\":\"BreadcrumbList\",\"@id\":\"https:\\\/\\\/optimalsolicitors.com\\\/pl\\\/pricing\\\/#breadcrumb\",\"itemListElement\":[{\"@type\":\"ListItem\",\"position\":1,\"name\":\"Home\",\"item\":\"https:\\\/\\\/optimalsolicitors.com\\\/pl\\\/\"},{\"@type\":\"ListItem\",\"position\":2,\"name\":\"Pricing\"}]},{\"@type\":\"WebSite\",\"@id\":\"https:\\\/\\\/optimalsolicitors.com\\\/pl\\\/#website\",\"url\":\"https:\\\/\\\/optimalsolicitors.com\\\/pl\\\/\",\"name\":\"Optimal Solicitors\",\"description\":\"Speaking the language of law\",\"publisher\":{\"@id\":\"https:\\\/\\\/optimalsolicitors.com\\\/pl\\\/#organization\"},\"potentialAction\":[{\"@type\":\"SearchAction\",\"target\":{\"@type\":\"EntryPoint\",\"urlTemplate\":\"https:\\\/\\\/optimalsolicitors.com\\\/pl\\\/?s={search_term_string}\"},\"query-input\":{\"@type\":\"PropertyValueSpecification\",\"valueRequired\":true,\"valueName\":\"search_term_string\"}}],\"inLanguage\":\"pl-GB\"},{\"@type\":\"Organization\",\"@id\":\"https:\\\/\\\/optimalsolicitors.com\\\/pl\\\/#organization\",\"name\":\"Optimal Solicitors\",\"url\":\"https:\\\/\\\/optimalsolicitors.com\\\/pl\\\/\",\"logo\":{\"@type\":\"ImageObject\",\"inLanguage\":\"pl-GB\",\"@id\":\"https:\\\/\\\/optimalsolicitors.com\\\/pl\\\/#\\\/schema\\\/logo\\\/image\\\/\",\"url\":\"https:\\\/\\\/optimalsolicitors.com\\\/wp-content\\\/uploads\\\/2023\\\/04\\\/logo.svg\",\"contentUrl\":\"https:\\\/\\\/optimalsolicitors.com\\\/wp-content\\\/uploads\\\/2023\\\/04\\\/logo.svg\",\"width\":158,\"height\":80,\"caption\":\"Optimal Solicitors\"},\"image\":{\"@id\":\"https:\\\/\\\/optimalsolicitors.com\\\/pl\\\/#\\\/schema\\\/logo\\\/image\\\/\"},\"sameAs\":[\"https:\\\/\\\/www.facebook.com\\\/optimalsolicitors\\\/\",\"https:\\\/\\\/x.com\\\/OptimalClaim\"]}]}<\/script>\n<!-- \/ Yoast SEO Premium plugin. -->","yoast_head_json":{"title":"Legal Services Fees | Conveyancing Fees | Corporate Fees","description":"We have a range of legal services fees and funding arrangements, so our prices are clear and competitive prices. Find out how much you\u2019ll pay.","robots":{"index":"index","follow":"follow","max-snippet":"max-snippet:-1","max-image-preview":"max-image-preview:large","max-video-preview":"max-video-preview:-1"},"canonical":"https:\/\/optimalsolicitors.com\/pl\/pricing\/","og_locale":"pl_PL","og_type":"article","og_title":"Pricing","og_description":"We have a range of legal services fees and funding arrangements, so our prices are clear and competitive prices. Find out how much you\u2019ll pay.","og_url":"https:\/\/optimalsolicitors.com\/pl\/pricing\/","og_site_name":"Optimal Solicitors","article_publisher":"https:\/\/www.facebook.com\/optimalsolicitors\/","article_modified_time":"2024-11-14T15:51:22+00:00","og_image":[{"width":1920,"height":1080,"url":"https:\/\/optimalsolicitors.com\/wp-content\/uploads\/2023\/10\/remortgage.jpg","type":"image\/jpeg"}],"twitter_card":"summary_large_image","twitter_site":"@OptimalClaim","twitter_misc":{"Est. reading time":"6 minutes"},"schema":{"@context":"https:\/\/schema.org","@graph":[{"@type":"WebPage","@id":"https:\/\/optimalsolicitors.com\/pl\/pricing\/","url":"https:\/\/optimalsolicitors.com\/pl\/pricing\/","name":"Legal Services Fees | Conveyancing Fees | Corporate Fees","isPartOf":{"@id":"https:\/\/optimalsolicitors.com\/pl\/#website"},"datePublished":"2021-06-28T16:21:30+00:00","dateModified":"2024-11-14T15:51:22+00:00","description":"We have a range of legal services fees and funding arrangements, so our prices are clear and competitive prices. Find out how much you\u2019ll pay.","breadcrumb":{"@id":"https:\/\/optimalsolicitors.com\/pl\/pricing\/#breadcrumb"},"inLanguage":"pl-GB","potentialAction":[{"@type":"ReadAction","target":["https:\/\/optimalsolicitors.com\/pl\/pricing\/"]}]},{"@type":"BreadcrumbList","@id":"https:\/\/optimalsolicitors.com\/pl\/pricing\/#breadcrumb","itemListElement":[{"@type":"ListItem","position":1,"name":"Home","item":"https:\/\/optimalsolicitors.com\/pl\/"},{"@type":"ListItem","position":2,"name":"Pricing"}]},{"@type":"WebSite","@id":"https:\/\/optimalsolicitors.com\/pl\/#website","url":"https:\/\/optimalsolicitors.com\/pl\/","name":"Optimal Solicitors","description":"Speaking the language of law","publisher":{"@id":"https:\/\/optimalsolicitors.com\/pl\/#organization"},"potentialAction":[{"@type":"SearchAction","target":{"@type":"EntryPoint","urlTemplate":"https:\/\/optimalsolicitors.com\/pl\/?s={search_term_string}"},"query-input":{"@type":"PropertyValueSpecification","valueRequired":true,"valueName":"search_term_string"}}],"inLanguage":"pl-GB"},{"@type":"Organization","@id":"https:\/\/optimalsolicitors.com\/pl\/#organization","name":"Optimal Solicitors","url":"https:\/\/optimalsolicitors.com\/pl\/","logo":{"@type":"ImageObject","inLanguage":"pl-GB","@id":"https:\/\/optimalsolicitors.com\/pl\/#\/schema\/logo\/image\/","url":"https:\/\/optimalsolicitors.com\/wp-content\/uploads\/2023\/04\/logo.svg","contentUrl":"https:\/\/optimalsolicitors.com\/wp-content\/uploads\/2023\/04\/logo.svg","width":158,"height":80,"caption":"Optimal Solicitors"},"image":{"@id":"https:\/\/optimalsolicitors.com\/pl\/#\/schema\/logo\/image\/"},"sameAs":["https:\/\/www.facebook.com\/optimalsolicitors\/","https:\/\/x.com\/OptimalClaim"]}]}},"acf":[],"_links":{"self":[{"href":"https:\/\/optimalsolicitors.com\/pl\/wp-json\/wp\/v2\/pages\/3619","targetHints":{"allow":["GET"]}}],"collection":[{"href":"https:\/\/optimalsolicitors.com\/pl\/wp-json\/wp\/v2\/pages"}],"about":[{"href":"https:\/\/optimalsolicitors.com\/pl\/wp-json\/wp\/v2\/types\/page"}],"author":[{"embeddable":true,"href":"https:\/\/optimalsolicitors.com\/pl\/wp-json\/wp\/v2\/users\/12"}],"replies":[{"embeddable":true,"href":"https:\/\/optimalsolicitors.com\/pl\/wp-json\/wp\/v2\/comments?post=3619"}],"version-history":[{"count":18,"href":"https:\/\/optimalsolicitors.com\/pl\/wp-json\/wp\/v2\/pages\/3619\/revisions"}],"predecessor-version":[{"id":8025,"href":"https:\/\/optimalsolicitors.com\/pl\/wp-json\/wp\/v2\/pages\/3619\/revisions\/8025"}],"wp:attachment":[{"href":"https:\/\/optimalsolicitors.com\/pl\/wp-json\/wp\/v2\/media?parent=3619"}],"curies":[{"name":"wp","href":"https:\/\/api.w.org\/{rel}","templated":true}]}}