{"id":3606,"date":"2021-06-29T10:41:14","date_gmt":"2021-06-29T09:41:14","guid":{"rendered":"http:\/\/optimalsolicitors.kinsta.cloud\/complaints-policy\/"},"modified":"2023-10-19T12:10:16","modified_gmt":"2023-10-19T11:10:16","slug":"polityka-reklamacyjna","status":"publish","type":"page","link":"https:\/\/optimalsolicitors.com\/pl\/polityka-reklamacyjna\/","title":{"rendered":"Polityka reklamacyjna"},"content":{"rendered":"<p><strong>\u00a0<\/strong><strong><u>Zasady dotycz\u0105ce skarg i za\u017cale\u0144<\/u><\/strong><\/p>\n<p><strong>\u00a0<\/strong><\/p>\n<p>Zawsze d\u0105\u017cymy do zapewnienia wysokiego standardu us\u0142ug, kt\u00f3ry uwzgl\u0119dnia indywidualne potrzeby i okoliczno\u015bci naszych klient\u00f3w. Cho\u0107 mamy nadziej\u0119, \u017ce spe\u0142nimy Pa\u0144stwa oczekiwania, zdajemy sobie spraw\u0119, \u017ce nie zawsze tak b\u0119dzie. Je\u015bli s\u0105 Pa\u0144stwo niezadowoleni ze standardu otrzymanej us\u0142ugi, prosimy o kontakt.<\/p>\n<p>&nbsp;<\/p>\n<p><u>Jak z\u0142o\u017cy\u0107 skarg\u0119<\/u><\/p>\n<p><u>\u00a0<\/u><\/p>\n<p>Je\u015bli chc\u0105 Pa\u0144stwo z\u0142o\u017cy\u0107 skarg\u0119, mo\u017cna to zrobi\u0107 na pi\u015bmie lub skontaktowa\u0107 si\u0119 bezpo\u015brednio z kierownikiem ds. skarg. Jego dane kontaktowe to:<\/p>\n<p>Imi\u0119:\u00a0\u00a0\u00a0\u00a0\u00a0\u00a0\u00a0\u00a0\u00a0\u00a0\u00a0\u00a0\u00a0\u00a0\u00a0 Pan Christopher Germaine<\/p>\n<p>Email:\u00a0\u00a0\u00a0\u00a0\u00a0\u00a0\u00a0\u00a0\u00a0\u00a0\u00a0\u00a0\u00a0 <a href=\"mailto:chris@optimalsolicitors.com\">chris@optimalsolicitors.com<\/a><\/p>\n<p>Nr telefonu:\u00a0\u00a0\u00a0\u00a0 0161 250 7771<\/p>\n<p>Adres:\u00a0 \u00a0\u00a0\u00a0\u00a0\u00a0\u00a0\u00a0\u00a0\u00a0\u00a0\u00a0 3<sup>rd<\/sup> Floor, Oakland House, Talbot Road, Manchester, M16 0PQ<\/p>\n<p>&nbsp;<\/p>\n<p>Ewentualnie mog\u0105 Pa\u0144stwo z\u0142o\u017cy\u0107 skarg\u0119 bezpo\u015brednio do osoby zajmuj\u0105cej si\u0119 Pa\u0144stwa spraw\u0105.<\/p>\n<p>Sk\u0142adaj\u0105c skarg\u0119 na pi\u015bmie, nale\u017cy poda\u0107 wszystkie swoje dane, w tym numer referencyjny akt, je\u015bli takowy Pa\u0144stwo posiadaj\u0105. Nale\u017cy wyra\u017anie okre\u015bli\u0107:<\/p>\n<ul>\n<li>pow\u00f3d Pa\u0144stwa skargi<\/li>\n<li>jakie kroki zamierzaj\u0105 Pa\u0144stwo podj\u0105\u0107<\/li>\n<\/ul>\n<p>&nbsp;<\/p>\n<p>Je\u015bli potrzebuj\u0105 Pa\u0144stwo pomocy w z\u0142o\u017ceniu skargi, prosimy o poinformowanie nas o tym, aby\u015bmy mogli Pa\u0144stwu w tym pom\u00f3c.<\/p>\n<p>&nbsp;<\/p>\n<p><u>W jaki spos\u00f3b rozpatrujemy skargi<\/u><\/p>\n<p>&nbsp;<\/p>\n<p>Wszystkie skargi traktujemy bardzo powa\u017cnie i mog\u0105 by\u0107 Pa\u0144stwo pewni, \u017ce wszystkie skargi s\u0105 rozpatrywane profesjonalnie, z wyczuciem oraz rzetelnie.<\/p>\n<p>Podczas rozpatrywania skargi:<\/p>\n<ul>\n<li>zapoznamy si\u0119 ze skarg\u0105 wraz z aktami i wszelkimi innymi powi\u0105zanymi dokumentami<\/li>\n<li>porozmawiamy bezpo\u015brednio z osob\u0105, kt\u00f3ra zajmowa\u0142a si\u0119 dan\u0105 spraw\u0105<\/li>\n<li>w razie potrzeby zorganizujemy spotkanie z Pa\u0144stwem w celu om\u00f3wienia skargi<\/li>\n<\/ul>\n<p>&nbsp;<\/p>\n<p>Poinformujemy Pa\u0144stwa na pi\u015bmie o wyniku naszego dochodzenia i podj\u0119tej decyzji.<\/p>\n<p>W przypadku, gdy osoba sk\u0142adaj\u0105ca skarg\u0119 twierdzi, \u017ce robi to w imieniu klienta, w pierwszej kolejno\u015bci napiszemy bezpo\u015brednio do klienta, aby potwierdzi\u0107 z\u0142o\u017con\u0105 skarg\u0119. Nigdy nie mo\u017cemy napisa\u0107 bezpo\u015brednio do os\u00f3b trzecich bez uprzedniego uzyskania upowa\u017cnienia od klienta.<\/p>\n<p>Je\u015bli skarga zostanie uwzgl\u0119dniona, przeprosimy i okre\u015blimy, jakie kroki zamierzamy podj\u0105\u0107, aby naprawi\u0107 sytuacj\u0119.<\/p>\n<p><u>\u00a0<\/u><\/p>\n<p><u>Odwo\u0142ania<\/u><\/p>\n<p>Mog\u0105 Pa\u0144stwo odwo\u0142a\u0107 si\u0119 od naszej decyzji (lub proponowanych przez nas dzia\u0142a\u0144 zaradczych), kontaktuj\u0105c si\u0119 z kierownikiem ds. skarg.<\/p>\n<p>Odwo\u0142ania b\u0119d\u0105 rozpatrywane przez inn\u0105 osob\u0119 wy\u017cszego szczebla w tej firmie (kt\u00f3ra nie by\u0142a wcze\u015bniej zaanga\u017cowana) lub, w stosownych przypadkach, inn\u0105 niezale\u017cn\u0105 osob\u0119.\u00a0 Poprosimy o Pa\u0144stwa zgod\u0119 przed wys\u0142aniem szczeg\u00f3\u0142\u00f3w skargi do podmiotu trzeciego.<\/p>\n<p>Osoba rozpatruj\u0105ca odwo\u0142anie dokona przegl\u0105du pierwszej decyzji (co mo\u017ce wi\u0105za\u0107 si\u0119 z dalszym dochodzeniem) i potwierdzi Pa\u0144stwu na pi\u015bmie ostateczny rezultat odwo\u0142ania.<\/p>\n<p>&nbsp;<\/p>\n<p><u>Ramy czasowe<\/u><\/p>\n<p>Naszym celem jest:<\/p>\n<ul>\n<li>potwierdzenie skargi w ci\u0105gu 3 dni roboczych od jej otrzymania<\/li>\n<li>rozpatrzenie skargi w pe\u0142ni w ci\u0105gu 7 dni roboczych od jej otrzymania.<\/li>\n<li>przes\u0142anie naszej decyzji na pi\u015bmie w ci\u0105gu 14 dni od potwierdzenia przyj\u0119cia reklamacji.<\/li>\n<\/ul>\n<p>&nbsp;<\/p>\n<p>Po z\u0142o\u017ceniu przez Pa\u0144stwa odwo\u0142ania od naszej decyzji, w ci\u0105gu 14 dni od otrzymania odwo\u0142ania prze\u015blemy Pa\u0144stwu pisemn\u0105 informacj\u0119 o jego wyniku.<\/p>\n<p>Zastrzegamy sobie prawo do odmowy rozpatrzenia jakiejkolwiek skargi, je\u015bli sprawa, kt\u00f3rej dotyczy skarga, powsta\u0142a ponad rok wcze\u015bniej (lub ponad rok od dnia, w kt\u00f3rym powzi\u0119to wiedz\u0119 o kwestii, kt\u00f3rej dotyczy skarga).<\/p>\n<p>&nbsp;<\/p>\n<p><u>Zapewnienie rozwi\u0105zania problem<\/u><\/p>\n<p><u>\u00a0<\/u><\/p>\n<p>Je\u015bli wyczerpano nasz\u0105 wewn\u0119trzn\u0105 procedur\u0119 sk\u0142adania skarg i nadal nie s\u0105 Pa\u0144stwo zadowoleni z jej wyniku, mog\u0105 Pa\u0144stwo skierowa\u0107 skarg\u0119 do Rzecznika Praw Obywatelskich (The Legal Ombudsman):<\/p>\n<ul>\n<li>poczt\u0105 pod adresem: PO Box 6806, Wolverhampton, WV1 9WJ<\/li>\n<li>telefonicznie pod numerem: 0300 555 0333 lub<\/li>\n<li>mailowo: enquiries@legalombudsman.org.uk<\/li>\n<\/ul>\n<p>&nbsp;<\/p>\n<p>System Rzecznika Praw Obywatelskich ma okre\u015blone zasady, w tym nast\u0119puj\u0105ce:<\/p>\n<p>&nbsp;<\/p>\n<ul>\n<li>kwalifikuj\u0105 si\u0119 tylko osoby fizyczne, fundusze powiernicze lub bardzo ma\u0142e firmy,<\/li>\n<li>nale\u017cy skierowa\u0107 skarg\u0119 w ci\u0105gu 6 miesi\u0119cy od naszej ostatecznej pisemnej odpowiedzi na skarg\u0119, a w ka\u017cdym razie w ci\u0105gu 1 roku od dzia\u0142ania, kt\u00f3rego dotyczy skarga (lub 1 roku od powzi\u0119cia wiedzy o przyczynie skargi).<\/li>\n<\/ul>\n<p>&nbsp;<\/p>\n<p>Wiecej informacj na ten temat dost\u0119pne jest pod:\u00a0 <a href=\"http:\/\/www.legalombudsman.org.uk\/\">www.legalombudsman.org.uk<\/a><\/p>\n<p>&nbsp;<\/p>\n<p>Us\u0142uga Rzecznika Praw Obywatelskich jest bezp\u0142atna.<\/p>\n<p>&nbsp;<\/p>\n<p>Alternatywnie, Urz\u0105d Regulacji Us\u0142ug Prawniczych (Solicitors Regulation Authority, SRA) mo\u017ce pom\u00f3c, je\u015bli maj\u0105 Pa\u0144stwo obawy dotycz\u0105ce naszego post\u0119powania. Mo\u017ce to dotyczy\u0107 takich kwestii jak nieuczciwo\u015b\u0107, zaw\u0142aszczenie lub zagubienie Pa\u0144stwa \u015brodk\u00f3w finansowych lub niesprawiedliwe traktowanie ze wzgl\u0119du na wiek, niepe\u0142nosprawno\u015b\u0107 lub inne cechy. Kontakt z SRA:<\/p>\n<ul>\n<li>listownie pod adresem: The Cube, 199 Wharfside Street, Birmingham, B1 1RN<\/li>\n<li>telefonicznie: 0370 606 2555<\/li>\n<li>mailowo: <a href=\"mailto:report@sra.org.uk\">report@sra.org.uk<\/a><\/li>\n<\/ul>\n<p>&nbsp;<\/p>\n<p>Wiecej informacj na ten temat dost\u0119pne jest pod: <a href=\"http:\/\/www.sra.org.uk\/\">www.sra.org.uk<\/a><\/p>\n","protected":false},"excerpt":{"rendered":"<p>\u00a0Zasady dotycz\u0105ce skarg i za\u017cale\u0144 \u00a0 Zawsze d\u0105\u017cymy do zapewnienia wysokiego standardu us\u0142ug, kt\u00f3ry uwzgl\u0119dnia indywidualne potrzeby i okoliczno\u015bci naszych klient\u00f3w. Cho\u0107 mamy nadziej\u0119, \u017ce spe\u0142nimy Pa\u0144stwa oczekiwania, zdajemy sobie spraw\u0119, \u017ce nie zawsze tak b\u0119dzie. Je\u015bli s\u0105 Pa\u0144stwo niezadowoleni ze standardu otrzymanej us\u0142ugi, prosimy o kontakt. &nbsp; Jak z\u0142o\u017cy\u0107 skarg\u0119 \u00a0 Je\u015bli chc\u0105 Pa\u0144stwo<\/p>\n<div class=\"read-more\"><a class=\"btn btn-md btn-gold-outline clear\" href=\"https:\/\/optimalsolicitors.com\/pl\/polityka-reklamacyjna\/\">Read More<\/a><\/div>\n","protected":false},"author":12,"featured_media":0,"parent":0,"menu_order":0,"comment_status":"closed","ping_status":"closed","template":"","meta":{"footnotes":""},"class_list":["post-3606","page","type-page","status-publish","hentry"],"yoast_head":"<!-- This site is optimized with the Yoast SEO Premium plugin v27.3 (Yoast SEO v27.3) - https:\/\/yoast.com\/product\/yoast-seo-premium-wordpress\/ -->\n<title>Polityka reklamacji kancelarii prawnej Optimal Solicitors<\/title>\n<meta name=\"description\" content=\"Mamy nadziej\u0119, \u017ce spe\u0142nimy Twoje oczekiwania, ale akceptujemy fakt, \u017ce nie zawsze tak si\u0119 dzieje i oferujemy mo\u017cliwo\u015b\u0107 z\u0142o\u017cenia reklamacji.\" \/>\n<meta name=\"robots\" content=\"index, follow, max-snippet:-1, max-image-preview:large, max-video-preview:-1\" \/>\n<link rel=\"canonical\" href=\"https:\/\/optimalsolicitors.com\/pl\/polityka-reklamacyjna\/\" \/>\n<meta property=\"og:locale\" content=\"pl_PL\" \/>\n<meta property=\"og:type\" content=\"article\" \/>\n<meta property=\"og:title\" content=\"Polityka reklamacyjna\" \/>\n<meta property=\"og:description\" content=\"Mamy nadziej\u0119, \u017ce spe\u0142nimy Twoje oczekiwania, ale akceptujemy fakt, \u017ce nie zawsze tak si\u0119 dzieje i oferujemy mo\u017cliwo\u015b\u0107 z\u0142o\u017cenia reklamacji.\" \/>\n<meta property=\"og:url\" content=\"https:\/\/optimalsolicitors.com\/pl\/polityka-reklamacyjna\/\" \/>\n<meta property=\"og:site_name\" content=\"Optimal Solicitors\" \/>\n<meta property=\"article:publisher\" content=\"https:\/\/www.facebook.com\/optimalsolicitors\/\" \/>\n<meta property=\"article:modified_time\" content=\"2023-10-19T11:10:16+00:00\" \/>\n<meta property=\"og:image\" content=\"https:\/\/optimalsolicitors.com\/wp-content\/uploads\/2023\/10\/Optimal_Banners_employment-law.jpg\" \/>\n\t<meta property=\"og:image:width\" content=\"1920\" \/>\n\t<meta property=\"og:image:height\" content=\"1080\" \/>\n\t<meta property=\"og:image:type\" content=\"image\/jpeg\" \/>\n<meta name=\"twitter:card\" content=\"summary_large_image\" \/>\n<meta name=\"twitter:site\" content=\"@OptimalClaim\" \/>\n<meta name=\"twitter:label1\" content=\"Est. reading time\" \/>\n\t<meta name=\"twitter:data1\" content=\"3 minutes\" \/>\n<script type=\"application\/ld+json\" class=\"yoast-schema-graph\">{\"@context\":\"https:\\\/\\\/schema.org\",\"@graph\":[{\"@type\":\"WebPage\",\"@id\":\"https:\\\/\\\/optimalsolicitors.com\\\/pl\\\/polityka-reklamacyjna\\\/\",\"url\":\"https:\\\/\\\/optimalsolicitors.com\\\/pl\\\/polityka-reklamacyjna\\\/\",\"name\":\"Polityka reklamacji kancelarii prawnej Optimal Solicitors\",\"isPartOf\":{\"@id\":\"https:\\\/\\\/optimalsolicitors.com\\\/pl\\\/#website\"},\"datePublished\":\"2021-06-29T09:41:14+00:00\",\"dateModified\":\"2023-10-19T11:10:16+00:00\",\"description\":\"Mamy nadziej\u0119, \u017ce spe\u0142nimy Twoje oczekiwania, ale akceptujemy fakt, \u017ce nie zawsze tak si\u0119 dzieje i oferujemy mo\u017cliwo\u015b\u0107 z\u0142o\u017cenia reklamacji.\",\"breadcrumb\":{\"@id\":\"https:\\\/\\\/optimalsolicitors.com\\\/pl\\\/polityka-reklamacyjna\\\/#breadcrumb\"},\"inLanguage\":\"pl-GB\",\"potentialAction\":[{\"@type\":\"ReadAction\",\"target\":[\"https:\\\/\\\/optimalsolicitors.com\\\/pl\\\/polityka-reklamacyjna\\\/\"]}]},{\"@type\":\"BreadcrumbList\",\"@id\":\"https:\\\/\\\/optimalsolicitors.com\\\/pl\\\/polityka-reklamacyjna\\\/#breadcrumb\",\"itemListElement\":[{\"@type\":\"ListItem\",\"position\":1,\"name\":\"Home\",\"item\":\"https:\\\/\\\/optimalsolicitors.com\\\/pl\\\/\"},{\"@type\":\"ListItem\",\"position\":2,\"name\":\"Polityka reklamacyjna\"}]},{\"@type\":\"WebSite\",\"@id\":\"https:\\\/\\\/optimalsolicitors.com\\\/pl\\\/#website\",\"url\":\"https:\\\/\\\/optimalsolicitors.com\\\/pl\\\/\",\"name\":\"Optimal Solicitors\",\"description\":\"Speaking the language of law\",\"publisher\":{\"@id\":\"https:\\\/\\\/optimalsolicitors.com\\\/pl\\\/#organization\"},\"potentialAction\":[{\"@type\":\"SearchAction\",\"target\":{\"@type\":\"EntryPoint\",\"urlTemplate\":\"https:\\\/\\\/optimalsolicitors.com\\\/pl\\\/?s={search_term_string}\"},\"query-input\":{\"@type\":\"PropertyValueSpecification\",\"valueRequired\":true,\"valueName\":\"search_term_string\"}}],\"inLanguage\":\"pl-GB\"},{\"@type\":\"Organization\",\"@id\":\"https:\\\/\\\/optimalsolicitors.com\\\/pl\\\/#organization\",\"name\":\"Optimal Solicitors\",\"url\":\"https:\\\/\\\/optimalsolicitors.com\\\/pl\\\/\",\"logo\":{\"@type\":\"ImageObject\",\"inLanguage\":\"pl-GB\",\"@id\":\"https:\\\/\\\/optimalsolicitors.com\\\/pl\\\/#\\\/schema\\\/logo\\\/image\\\/\",\"url\":\"https:\\\/\\\/optimalsolicitors.com\\\/wp-content\\\/uploads\\\/2023\\\/04\\\/logo.svg\",\"contentUrl\":\"https:\\\/\\\/optimalsolicitors.com\\\/wp-content\\\/uploads\\\/2023\\\/04\\\/logo.svg\",\"width\":158,\"height\":80,\"caption\":\"Optimal Solicitors\"},\"image\":{\"@id\":\"https:\\\/\\\/optimalsolicitors.com\\\/pl\\\/#\\\/schema\\\/logo\\\/image\\\/\"},\"sameAs\":[\"https:\\\/\\\/www.facebook.com\\\/optimalsolicitors\\\/\",\"https:\\\/\\\/x.com\\\/OptimalClaim\"]}]}<\/script>\n<!-- \/ Yoast SEO Premium plugin. -->","yoast_head_json":{"title":"Polityka reklamacji kancelarii prawnej Optimal Solicitors","description":"Mamy nadziej\u0119, \u017ce spe\u0142nimy Twoje oczekiwania, ale akceptujemy fakt, \u017ce nie zawsze tak si\u0119 dzieje i oferujemy mo\u017cliwo\u015b\u0107 z\u0142o\u017cenia reklamacji.","robots":{"index":"index","follow":"follow","max-snippet":"max-snippet:-1","max-image-preview":"max-image-preview:large","max-video-preview":"max-video-preview:-1"},"canonical":"https:\/\/optimalsolicitors.com\/pl\/polityka-reklamacyjna\/","og_locale":"pl_PL","og_type":"article","og_title":"Polityka reklamacyjna","og_description":"Mamy nadziej\u0119, \u017ce spe\u0142nimy Twoje oczekiwania, ale akceptujemy fakt, \u017ce nie zawsze tak si\u0119 dzieje i oferujemy mo\u017cliwo\u015b\u0107 z\u0142o\u017cenia reklamacji.","og_url":"https:\/\/optimalsolicitors.com\/pl\/polityka-reklamacyjna\/","og_site_name":"Optimal Solicitors","article_publisher":"https:\/\/www.facebook.com\/optimalsolicitors\/","article_modified_time":"2023-10-19T11:10:16+00:00","og_image":[{"width":1920,"height":1080,"url":"https:\/\/optimalsolicitors.com\/wp-content\/uploads\/2023\/10\/Optimal_Banners_employment-law.jpg","type":"image\/jpeg"}],"twitter_card":"summary_large_image","twitter_site":"@OptimalClaim","twitter_misc":{"Est. reading time":"3 minutes"},"schema":{"@context":"https:\/\/schema.org","@graph":[{"@type":"WebPage","@id":"https:\/\/optimalsolicitors.com\/pl\/polityka-reklamacyjna\/","url":"https:\/\/optimalsolicitors.com\/pl\/polityka-reklamacyjna\/","name":"Polityka reklamacji kancelarii prawnej Optimal Solicitors","isPartOf":{"@id":"https:\/\/optimalsolicitors.com\/pl\/#website"},"datePublished":"2021-06-29T09:41:14+00:00","dateModified":"2023-10-19T11:10:16+00:00","description":"Mamy nadziej\u0119, \u017ce spe\u0142nimy Twoje oczekiwania, ale akceptujemy fakt, \u017ce nie zawsze tak si\u0119 dzieje i oferujemy mo\u017cliwo\u015b\u0107 z\u0142o\u017cenia reklamacji.","breadcrumb":{"@id":"https:\/\/optimalsolicitors.com\/pl\/polityka-reklamacyjna\/#breadcrumb"},"inLanguage":"pl-GB","potentialAction":[{"@type":"ReadAction","target":["https:\/\/optimalsolicitors.com\/pl\/polityka-reklamacyjna\/"]}]},{"@type":"BreadcrumbList","@id":"https:\/\/optimalsolicitors.com\/pl\/polityka-reklamacyjna\/#breadcrumb","itemListElement":[{"@type":"ListItem","position":1,"name":"Home","item":"https:\/\/optimalsolicitors.com\/pl\/"},{"@type":"ListItem","position":2,"name":"Polityka reklamacyjna"}]},{"@type":"WebSite","@id":"https:\/\/optimalsolicitors.com\/pl\/#website","url":"https:\/\/optimalsolicitors.com\/pl\/","name":"Optimal Solicitors","description":"Speaking the language of law","publisher":{"@id":"https:\/\/optimalsolicitors.com\/pl\/#organization"},"potentialAction":[{"@type":"SearchAction","target":{"@type":"EntryPoint","urlTemplate":"https:\/\/optimalsolicitors.com\/pl\/?s={search_term_string}"},"query-input":{"@type":"PropertyValueSpecification","valueRequired":true,"valueName":"search_term_string"}}],"inLanguage":"pl-GB"},{"@type":"Organization","@id":"https:\/\/optimalsolicitors.com\/pl\/#organization","name":"Optimal Solicitors","url":"https:\/\/optimalsolicitors.com\/pl\/","logo":{"@type":"ImageObject","inLanguage":"pl-GB","@id":"https:\/\/optimalsolicitors.com\/pl\/#\/schema\/logo\/image\/","url":"https:\/\/optimalsolicitors.com\/wp-content\/uploads\/2023\/04\/logo.svg","contentUrl":"https:\/\/optimalsolicitors.com\/wp-content\/uploads\/2023\/04\/logo.svg","width":158,"height":80,"caption":"Optimal Solicitors"},"image":{"@id":"https:\/\/optimalsolicitors.com\/pl\/#\/schema\/logo\/image\/"},"sameAs":["https:\/\/www.facebook.com\/optimalsolicitors\/","https:\/\/x.com\/OptimalClaim"]}]}},"acf":[],"_links":{"self":[{"href":"https:\/\/optimalsolicitors.com\/pl\/wp-json\/wp\/v2\/pages\/3606","targetHints":{"allow":["GET"]}}],"collection":[{"href":"https:\/\/optimalsolicitors.com\/pl\/wp-json\/wp\/v2\/pages"}],"about":[{"href":"https:\/\/optimalsolicitors.com\/pl\/wp-json\/wp\/v2\/types\/page"}],"author":[{"embeddable":true,"href":"https:\/\/optimalsolicitors.com\/pl\/wp-json\/wp\/v2\/users\/12"}],"replies":[{"embeddable":true,"href":"https:\/\/optimalsolicitors.com\/pl\/wp-json\/wp\/v2\/comments?post=3606"}],"version-history":[{"count":7,"href":"https:\/\/optimalsolicitors.com\/pl\/wp-json\/wp\/v2\/pages\/3606\/revisions"}],"predecessor-version":[{"id":5601,"href":"https:\/\/optimalsolicitors.com\/pl\/wp-json\/wp\/v2\/pages\/3606\/revisions\/5601"}],"wp:attachment":[{"href":"https:\/\/optimalsolicitors.com\/pl\/wp-json\/wp\/v2\/media?parent=3606"}],"curies":[{"name":"wp","href":"https:\/\/api.w.org\/{rel}","templated":true}]}}