{"id":3573,"date":"2021-06-17T17:12:28","date_gmt":"2021-06-17T16:12:28","guid":{"rendered":"http:\/\/optimalsolicitors.kinsta.cloud\/personal-injury\/accidents-in-public\/"},"modified":"2025-06-25T11:29:00","modified_gmt":"2025-06-25T10:29:00","slug":"wypadki-w-miejscu-publicznym","status":"publish","type":"page","link":"https:\/\/optimalsolicitors.com\/pl\/uszczerbek-na-zdrowiu\/wypadki-w-miejscu-publicznym\/","title":{"rendered":"Wypadki w miejscu publicznym"},"content":{"rendered":"","protected":false},"excerpt":{"rendered":"","protected":false},"author":12,"featured_media":0,"parent":3536,"menu_order":0,"comment_status":"closed","ping_status":"closed","template":"views\/subservice.blade.php","meta":{"footnotes":""},"class_list":["post-3573","page","type-page","status-publish","hentry"],"yoast_head":"<!-- This site is optimized with the Yoast SEO Premium plugin v27.3 (Yoast SEO v27.3) - https:\/\/yoast.com\/product\/yoast-seo-premium-wordpress\/ -->\n<title>Odszkodowanie za wypadek w miejscu publicznym UK - Optimal Solicitors<\/title>\n<meta name=\"description\" content=\"Odszkodowania za wypadki w miejscu publicznym: skutecznie pomagamy uzyska\u0107 nale\u017cne odszkodowanie za urazy, koszty leczenia, utrat\u0119 dochod\u00f3w i inne straty.\" \/>\n<meta name=\"robots\" content=\"index, follow, max-snippet:-1, max-image-preview:large, max-video-preview:-1\" \/>\n<link rel=\"canonical\" href=\"https:\/\/optimalsolicitors.com\/pl\/uszczerbek-na-zdrowiu\/wypadki-w-miejscu-publicznym\/\" \/>\n<meta property=\"og:locale\" content=\"pl_PL\" \/>\n<meta property=\"og:type\" content=\"article\" \/>\n<meta property=\"og:title\" content=\"Wypadki w miejscu publicznym\" \/>\n<meta property=\"og:description\" content=\"Odszkodowania za wypadki w miejscu publicznym: skutecznie pomagamy uzyska\u0107 nale\u017cne odszkodowanie za urazy, koszty leczenia, utrat\u0119 dochod\u00f3w i inne straty.\" \/>\n<meta property=\"og:url\" content=\"https:\/\/optimalsolicitors.com\/pl\/uszczerbek-na-zdrowiu\/wypadki-w-miejscu-publicznym\/\" \/>\n<meta property=\"og:site_name\" content=\"Optimal Solicitors\" \/>\n<meta property=\"article:publisher\" content=\"https:\/\/www.facebook.com\/optimalsolicitors\/\" \/>\n<meta property=\"article:modified_time\" content=\"2025-06-25T10:29:00+00:00\" \/>\n<meta property=\"og:image\" content=\"https:\/\/optimalsolicitors.com\/wp-content\/uploads\/2023\/10\/public-accident.jpg\" \/>\n\t<meta property=\"og:image:width\" content=\"1920\" \/>\n\t<meta property=\"og:image:height\" content=\"1080\" \/>\n\t<meta property=\"og:image:type\" content=\"image\/jpeg\" \/>\n<meta name=\"twitter:card\" content=\"summary_large_image\" \/>\n<meta name=\"twitter:site\" content=\"@OptimalClaim\" \/>\n<meta name=\"twitter:label1\" content=\"Est. reading time\" \/>\n\t<meta name=\"twitter:data1\" content=\"14 minutes\" \/>\n<script type=\"application\/ld+json\" class=\"yoast-schema-graph\">{\"@context\":\"https:\\\/\\\/schema.org\",\"@graph\":[{\"@type\":\"WebPage\",\"@id\":\"https:\\\/\\\/optimalsolicitors.com\\\/pl\\\/uszczerbek-na-zdrowiu\\\/wypadki-w-miejscu-publicznym\\\/\",\"url\":\"https:\\\/\\\/optimalsolicitors.com\\\/pl\\\/uszczerbek-na-zdrowiu\\\/wypadki-w-miejscu-publicznym\\\/\",\"name\":\"Odszkodowanie za wypadek w miejscu publicznym UK - Optimal Solicitors\",\"isPartOf\":{\"@id\":\"https:\\\/\\\/optimalsolicitors.com\\\/pl\\\/#website\"},\"datePublished\":\"2021-06-17T16:12:28+00:00\",\"dateModified\":\"2025-06-25T10:29:00+00:00\",\"description\":\"Odszkodowania za wypadki w miejscu publicznym: skutecznie pomagamy uzyska\u0107 nale\u017cne odszkodowanie za urazy, koszty leczenia, utrat\u0119 dochod\u00f3w i inne straty.\",\"breadcrumb\":{\"@id\":\"https:\\\/\\\/optimalsolicitors.com\\\/pl\\\/uszczerbek-na-zdrowiu\\\/wypadki-w-miejscu-publicznym\\\/#breadcrumb\"},\"inLanguage\":\"pl-GB\",\"potentialAction\":[{\"@type\":\"ReadAction\",\"target\":[\"https:\\\/\\\/optimalsolicitors.com\\\/pl\\\/uszczerbek-na-zdrowiu\\\/wypadki-w-miejscu-publicznym\\\/\"]}]},{\"@type\":\"BreadcrumbList\",\"@id\":\"https:\\\/\\\/optimalsolicitors.com\\\/pl\\\/uszczerbek-na-zdrowiu\\\/wypadki-w-miejscu-publicznym\\\/#breadcrumb\",\"itemListElement\":[{\"@type\":\"ListItem\",\"position\":1,\"name\":\"Home\",\"item\":\"https:\\\/\\\/optimalsolicitors.com\\\/pl\\\/\"},{\"@type\":\"ListItem\",\"position\":2,\"name\":\"Uszczerbek na zdrowiu\",\"item\":\"https:\\\/\\\/optimalsolicitors.com\\\/pl\\\/uszczerbek-na-zdrowiu\\\/\"},{\"@type\":\"ListItem\",\"position\":3,\"name\":\"Wypadki w miejscu publicznym\"}]},{\"@type\":\"WebSite\",\"@id\":\"https:\\\/\\\/optimalsolicitors.com\\\/pl\\\/#website\",\"url\":\"https:\\\/\\\/optimalsolicitors.com\\\/pl\\\/\",\"name\":\"Optimal Solicitors\",\"description\":\"Speaking the language of law\",\"publisher\":{\"@id\":\"https:\\\/\\\/optimalsolicitors.com\\\/pl\\\/#organization\"},\"potentialAction\":[{\"@type\":\"SearchAction\",\"target\":{\"@type\":\"EntryPoint\",\"urlTemplate\":\"https:\\\/\\\/optimalsolicitors.com\\\/pl\\\/?s={search_term_string}\"},\"query-input\":{\"@type\":\"PropertyValueSpecification\",\"valueRequired\":true,\"valueName\":\"search_term_string\"}}],\"inLanguage\":\"pl-GB\"},{\"@type\":\"Organization\",\"@id\":\"https:\\\/\\\/optimalsolicitors.com\\\/pl\\\/#organization\",\"name\":\"Optimal Solicitors\",\"url\":\"https:\\\/\\\/optimalsolicitors.com\\\/pl\\\/\",\"logo\":{\"@type\":\"ImageObject\",\"inLanguage\":\"pl-GB\",\"@id\":\"https:\\\/\\\/optimalsolicitors.com\\\/pl\\\/#\\\/schema\\\/logo\\\/image\\\/\",\"url\":\"https:\\\/\\\/optimalsolicitors.com\\\/wp-content\\\/uploads\\\/2023\\\/04\\\/logo.svg\",\"contentUrl\":\"https:\\\/\\\/optimalsolicitors.com\\\/wp-content\\\/uploads\\\/2023\\\/04\\\/logo.svg\",\"width\":158,\"height\":80,\"caption\":\"Optimal Solicitors\"},\"image\":{\"@id\":\"https:\\\/\\\/optimalsolicitors.com\\\/pl\\\/#\\\/schema\\\/logo\\\/image\\\/\"},\"sameAs\":[\"https:\\\/\\\/www.facebook.com\\\/optimalsolicitors\\\/\",\"https:\\\/\\\/x.com\\\/OptimalClaim\"]}]}<\/script>\n<!-- \/ Yoast SEO Premium plugin. -->","yoast_head_json":{"title":"Odszkodowanie za wypadek w miejscu publicznym UK - Optimal Solicitors","description":"Odszkodowania za wypadki w miejscu publicznym: skutecznie pomagamy uzyska\u0107 nale\u017cne odszkodowanie za urazy, koszty leczenia, utrat\u0119 dochod\u00f3w i inne straty.","robots":{"index":"index","follow":"follow","max-snippet":"max-snippet:-1","max-image-preview":"max-image-preview:large","max-video-preview":"max-video-preview:-1"},"canonical":"https:\/\/optimalsolicitors.com\/pl\/uszczerbek-na-zdrowiu\/wypadki-w-miejscu-publicznym\/","og_locale":"pl_PL","og_type":"article","og_title":"Wypadki w miejscu publicznym","og_description":"Odszkodowania za wypadki w miejscu publicznym: skutecznie pomagamy uzyska\u0107 nale\u017cne odszkodowanie za urazy, koszty leczenia, utrat\u0119 dochod\u00f3w i inne straty.","og_url":"https:\/\/optimalsolicitors.com\/pl\/uszczerbek-na-zdrowiu\/wypadki-w-miejscu-publicznym\/","og_site_name":"Optimal Solicitors","article_publisher":"https:\/\/www.facebook.com\/optimalsolicitors\/","article_modified_time":"2025-06-25T10:29:00+00:00","og_image":[{"width":1920,"height":1080,"url":"https:\/\/optimalsolicitors.com\/wp-content\/uploads\/2023\/10\/public-accident.jpg","type":"image\/jpeg"}],"twitter_card":"summary_large_image","twitter_site":"@OptimalClaim","twitter_misc":{"Est. reading time":"14 minutes"},"schema":{"@context":"https:\/\/schema.org","@graph":[{"@type":"WebPage","@id":"https:\/\/optimalsolicitors.com\/pl\/uszczerbek-na-zdrowiu\/wypadki-w-miejscu-publicznym\/","url":"https:\/\/optimalsolicitors.com\/pl\/uszczerbek-na-zdrowiu\/wypadki-w-miejscu-publicznym\/","name":"Odszkodowanie za wypadek w miejscu publicznym UK - Optimal Solicitors","isPartOf":{"@id":"https:\/\/optimalsolicitors.com\/pl\/#website"},"datePublished":"2021-06-17T16:12:28+00:00","dateModified":"2025-06-25T10:29:00+00:00","description":"Odszkodowania za wypadki w miejscu publicznym: skutecznie pomagamy uzyska\u0107 nale\u017cne odszkodowanie za urazy, koszty leczenia, utrat\u0119 dochod\u00f3w i inne straty.","breadcrumb":{"@id":"https:\/\/optimalsolicitors.com\/pl\/uszczerbek-na-zdrowiu\/wypadki-w-miejscu-publicznym\/#breadcrumb"},"inLanguage":"pl-GB","potentialAction":[{"@type":"ReadAction","target":["https:\/\/optimalsolicitors.com\/pl\/uszczerbek-na-zdrowiu\/wypadki-w-miejscu-publicznym\/"]}]},{"@type":"BreadcrumbList","@id":"https:\/\/optimalsolicitors.com\/pl\/uszczerbek-na-zdrowiu\/wypadki-w-miejscu-publicznym\/#breadcrumb","itemListElement":[{"@type":"ListItem","position":1,"name":"Home","item":"https:\/\/optimalsolicitors.com\/pl\/"},{"@type":"ListItem","position":2,"name":"Uszczerbek na zdrowiu","item":"https:\/\/optimalsolicitors.com\/pl\/uszczerbek-na-zdrowiu\/"},{"@type":"ListItem","position":3,"name":"Wypadki w miejscu publicznym"}]},{"@type":"WebSite","@id":"https:\/\/optimalsolicitors.com\/pl\/#website","url":"https:\/\/optimalsolicitors.com\/pl\/","name":"Optimal Solicitors","description":"Speaking the language of law","publisher":{"@id":"https:\/\/optimalsolicitors.com\/pl\/#organization"},"potentialAction":[{"@type":"SearchAction","target":{"@type":"EntryPoint","urlTemplate":"https:\/\/optimalsolicitors.com\/pl\/?s={search_term_string}"},"query-input":{"@type":"PropertyValueSpecification","valueRequired":true,"valueName":"search_term_string"}}],"inLanguage":"pl-GB"},{"@type":"Organization","@id":"https:\/\/optimalsolicitors.com\/pl\/#organization","name":"Optimal Solicitors","url":"https:\/\/optimalsolicitors.com\/pl\/","logo":{"@type":"ImageObject","inLanguage":"pl-GB","@id":"https:\/\/optimalsolicitors.com\/pl\/#\/schema\/logo\/image\/","url":"https:\/\/optimalsolicitors.com\/wp-content\/uploads\/2023\/04\/logo.svg","contentUrl":"https:\/\/optimalsolicitors.com\/wp-content\/uploads\/2023\/04\/logo.svg","width":158,"height":80,"caption":"Optimal Solicitors"},"image":{"@id":"https:\/\/optimalsolicitors.com\/pl\/#\/schema\/logo\/image\/"},"sameAs":["https:\/\/www.facebook.com\/optimalsolicitors\/","https:\/\/x.com\/OptimalClaim"]}]}},"acf":[],"_links":{"self":[{"href":"https:\/\/optimalsolicitors.com\/pl\/wp-json\/wp\/v2\/pages\/3573","targetHints":{"allow":["GET"]}}],"collection":[{"href":"https:\/\/optimalsolicitors.com\/pl\/wp-json\/wp\/v2\/pages"}],"about":[{"href":"https:\/\/optimalsolicitors.com\/pl\/wp-json\/wp\/v2\/types\/page"}],"author":[{"embeddable":true,"href":"https:\/\/optimalsolicitors.com\/pl\/wp-json\/wp\/v2\/users\/12"}],"replies":[{"embeddable":true,"href":"https:\/\/optimalsolicitors.com\/pl\/wp-json\/wp\/v2\/comments?post=3573"}],"version-history":[{"count":13,"href":"https:\/\/optimalsolicitors.com\/pl\/wp-json\/wp\/v2\/pages\/3573\/revisions"}],"predecessor-version":[{"id":8623,"href":"https:\/\/optimalsolicitors.com\/pl\/wp-json\/wp\/v2\/pages\/3573\/revisions\/8623"}],"up":[{"embeddable":true,"href":"https:\/\/optimalsolicitors.com\/pl\/wp-json\/wp\/v2\/pages\/3536"}],"wp:attachment":[{"href":"https:\/\/optimalsolicitors.com\/pl\/wp-json\/wp\/v2\/media?parent=3573"}],"curies":[{"name":"wp","href":"https:\/\/api.w.org\/{rel}","templated":true}]}}